{"id":1052,"date":"2020-07-08T18:51:20","date_gmt":"2020-07-08T18:51:20","guid":{"rendered":"https:\/\/www.cicchicago.com\/?page_id=1052"},"modified":"2026-03-19T15:45:39","modified_gmt":"2026-03-19T15:45:39","slug":"prestatarios-actuales","status":"publish","type":"page","link":"https:\/\/www.cicchicago.com\/es\/prestatarios-actuales\/","title":{"rendered":"Prestatarios actuales"},"content":{"rendered":"<div id=\"crumb-block_05f1437ce53faac85c5db5ea9ec14445\" class=\"crumb\">\n        Prestatarios actuales    <\/div>\n\n\n\n<p><\/p>\n\n\n\n<details class=\"wp-block-details is-layout-flow wp-block-details-is-layout-flow\"><summary>C\u00f3mo pagar el pr\u00e9stamo<\/summary>\n<p>Le animamos a que ahorre tiempo y evite los recargos por demora gestionando su cuenta en l\u00ednea, incluida la suscripci\u00f3n a pagos mensuales recurrentes. Registrarse es r\u00e1pido y f\u00e1cil a trav\u00e9s de nuestro Portal LoanStat. Si ya est\u00e1 registrado en el portal LoanStat, visite el siguiente enlace para acceder a la informaci\u00f3n de su cuenta.<\/p>\n\n\n\n<p>Si a\u00fan no se ha inscrito en <a href=\"https:\/\/cicchicago.ficsloanstat.com\/User\/Login\" title=\"\">LoanStat<\/a>puede hacerlo siguiendo el mismo enlace y seleccionando la opci\u00f3n Registrarse. Tenga a mano su n\u00famero de pr\u00e9stamo y su NIF o n\u00famero de la Seguridad Social antes de registrar la cuenta.<\/p>\n\n\n\n<p>Para obtener instrucciones paso a paso sobre c\u00f3mo registrar su cuenta LoanStat, configurar pagos mensuales automatizados o realizar un pago electr\u00f3nico \u00fanico, consulte la p\u00e1gina <a href=\"https:\/\/www.cicchicago.com\/wp-content\/uploads\/2026\/03\/LoanStat-How-to-Guide-17SEP2025.pdf\" title=\"\">Gu\u00eda pr\u00e1ctica<\/a>.\u00a0<\/p>\n\n\n\n<p>Para efectuar el pago de un pr\u00e9stamo por correo ordinario, env\u00ede su pago por cheque a: P.O. Box 773049, Chicago, IL 60677-3049<\/p>\n\n\n\n<p>Para efectuar el pago de un pr\u00e9stamo por correo urgente (FedEx o UPS), env\u00ede su pago a la oficina del CIC en 222 S. Riverside Plaza, Suite 380, Chicago, IL 60606.<\/p>\n\n\n\n<p><em>El CIC no puede aceptar pagos sin cita previa.&nbsp;<\/em><\/p>\n\n\n\n<div class=\"wp-block-buttons is-layout-flex wp-block-buttons-is-layout-flex\">\n<div class=\"wp-block-button\"><a class=\"wp-block-button__link wp-element-button\" href=\"https:\/\/cicchicago.ficsloanstat.com\/User\/Login\">VISITAR LOANSTAT<\/a><\/div>\n<\/div>\n<\/details>\n\n\n\n<details class=\"wp-block-details is-layout-flow wp-block-details-is-layout-flow\"><summary>Formularios anuales obligatorios para los prestatarios<\/summary>\n<p>Ver el anuncio completo con los requisitos de presentaci\u00f3n <a href=\"https:\/\/www.cicchicago.com\/wp-content\/uploads\/2025\/04\/2025-Annual-Statement-Collection-Letter-to-Borrowers.docx\" title=\"\">aqu\u00ed<\/a>y p\u00f3ngase en contacto con portfolio@cicchicago.com si tiene alguna pregunta.<\/p>\n\n\n\n<p><a href=\"https:\/\/www.cicchicago.com\/wp-content\/uploads\/2023\/06\/Contact-Info-Form.pdf\" target=\"_blank\" rel=\"noreferrer noopener\">Formulario de contacto<\/a> (PDF rellenable)<\/p>\n\n\n\n<p><a href=\"https:\/\/www.cicchicago.com\/wp-content\/uploads\/2023\/06\/Rent-Roll-Template-2021.xls\" target=\"_blank\" rel=\"noreferrer noopener\">Rollo de alquiler<\/a> (Hoja de c\u00e1lculo)<\/p>\n\n\n\n<p><a href=\"https:\/\/www.cicchicago.com\/wp-content\/uploads\/2023\/06\/I-E-Form.pdf\">Cuenta de p\u00e9rdidas y ganancias <\/a>(PDF rellenable)<\/p>\n\n\n\n<p><a href=\"https:\/\/www.cicchicago.com\/wp-content\/uploads\/2023\/06\/PFS.pdf\" target=\"_blank\" rel=\"noreferrer noopener\">Estado financiero personal<\/a> (PDF rellenable)<\/p>\n\n\n\n<p><a href=\"https:\/\/www.cicchicago.com\/wp-content\/uploads\/2021\/04\/Schedule-D_2021.pdf\" target=\"_blank\" rel=\"noreferrer noopener\">Programa D<\/a><\/p>\n<\/details>\n\n\n\n<p><\/p>","protected":false},"excerpt":{"rendered":"","protected":false},"author":1,"featured_media":0,"parent":0,"menu_order":0,"comment_status":"closed","ping_status":"closed","template":"","meta":{"_acf_changed":false,"om_disable_all_campaigns":false,"_monsterinsights_skip_tracking":false,"_monsterinsights_sitenote_active":false,"_monsterinsights_sitenote_note":"","_monsterinsights_sitenote_category":0,"_uf_show_specific_survey":0,"_uf_disable_surveys":false,"footnotes":""},"class_list":["post-1052","page","type-page","status-publish","hentry","entry"],"acf":[],"aioseo_notices":[],"_links":{"self":[{"href":"https:\/\/www.cicchicago.com\/es\/wp-json\/wp\/v2\/pages\/1052","targetHints":{"allow":["GET"]}}],"collection":[{"href":"https:\/\/www.cicchicago.com\/es\/wp-json\/wp\/v2\/pages"}],"about":[{"href":"https:\/\/www.cicchicago.com\/es\/wp-json\/wp\/v2\/types\/page"}],"author":[{"embeddable":true,"href":"https:\/\/www.cicchicago.com\/es\/wp-json\/wp\/v2\/users\/1"}],"replies":[{"embeddable":true,"href":"https:\/\/www.cicchicago.com\/es\/wp-json\/wp\/v2\/comments?post=1052"}],"version-history":[{"count":65,"href":"https:\/\/www.cicchicago.com\/es\/wp-json\/wp\/v2\/pages\/1052\/revisions"}],"predecessor-version":[{"id":4472,"href":"https:\/\/www.cicchicago.com\/es\/wp-json\/wp\/v2\/pages\/1052\/revisions\/4472"}],"wp:attachment":[{"href":"https:\/\/www.cicchicago.com\/es\/wp-json\/wp\/v2\/media?parent=1052"}],"curies":[{"name":"wp","href":"https:\/\/api.w.org\/{rel}","templated":true}]}}