{"id":11,"date":"2020-05-20T17:30:22","date_gmt":"2020-05-20T17:30:22","guid":{"rendered":"https:\/\/www.cicchicago.com\/?page_id=11"},"modified":"2024-03-20T16:16:36","modified_gmt":"2024-03-20T16:16:36","slug":"propiedades-en-venta","status":"publish","type":"page","link":"https:\/\/www.cicchicago.com\/es\/propiedades-en-venta\/","title":{"rendered":"Propiedades en venta"},"content":{"rendered":"<div class=\"wp-block-group has-light-blue-gradient-boomerang-background-color has-background\"><div class=\"wp-block-group__inner-container is-layout-flow wp-block-group-is-layout-flow\">    <div id=\"crumb-block_4d0ca150f4f4fb386b7b717bf24f9d6e\" class=\"crumb\">\n        Propiedades en venta    <\/div>\n\n\n\n<p class=\"is-style-narrow-7 has-huge-font-size\">Trabajamos con due\u00f1os locales interesados en comprar y rehabilitar propiedades en dificultades.<\/p>\n\n\n<article id=\"property-row-block-block_593bcab362f12750bccbb91fd3859d51\" class=\"property-row-block workshop-popups\">\n    <header>\n        <h4>Bienes y Ra\u00edces<\/h4>\n        <p>Propiedades en venta<\/p>\n    <\/header>\n    <div><div>\n                    <section style=\"background-image:url(https:\/\/www.cicchicago.com\/wp-content\/uploads\/2026\/03\/IMG_6362-1-scaled-500x750.jpg);\">\n                <div>\n                    <h5 class=\"address\">5037 S. Drexel Blvd., 1.\u00ba piso, 5.\u00ba piso, 60615<\/h5>                                        <div class=\"details\"><p>$45,000<br>Desocupado \u2013 Necesita rehabilitaci\u00f3n 1 (#H)<\/p><p>Barrio<br>Kenwood<\/p><\/div>                    <a class=\"cic-button\" href=\"https:\/\/www.cicchicago.com\/es\/propiedad\/5037-s-drexel-blvd-h-60615\/\">M\u00e1s<\/a>\n                <\/div>\n            <\/section>\n                    <section style=\"background-image:url(https:\/\/www.cicchicago.com\/wp-content\/uploads\/2025\/05\/6756-s-Green-500x750.png);\">\n                <div>\n                    <h5 class=\"address\">6756 S Green<\/h5>                                        <div class=\"details\"><p>Vacante - Se necesita rehabilitaci\u00f3n 10<\/p><p>Barrio<br>Englewood<\/p><\/div>                    <a class=\"cic-button\" href=\"https:\/\/www.cicchicago.com\/es\/propiedad\/6750-6758-s-verde\/\">M\u00e1s<\/a>\n                <\/div>\n            <\/section>\n                    <section style=\"background-image:url(https:\/\/www.cicchicago.com\/wp-content\/uploads\/2025\/04\/1650-W-62nd-building-front-scaled-500x750.jpg);\">\n                <div>\n                    <h5 class=\"address\">1650 W. 62nd St, 60636<\/h5>                                        <div class=\"details\"><p>Llame al (312) 975-6467 para consultar el precio<br>Residencial Vacante 12 habitaciones SRO <\/p><p>Barrio<br>West Englewood<\/p><p>Requisitos<br>TBI-Directrices multifamiliares<\/p><\/div>                    <a class=\"cic-button\" href=\"https:\/\/www.cicchicago.com\/es\/propiedad\/1650-w-62nd-st-60636\/\">M\u00e1s<\/a>\n                <\/div>\n            <\/section>\n                    <section style=\"background-image:url(https:\/\/www.cicchicago.com\/wp-content\/uploads\/2025\/03\/7608-10-s-phillips-ave-500x750.png);\">\n                <div>\n                    <h5 class=\"address\">7608 10 S Phillips Ave, Chicago, IL 60649<\/h5>                                        <div class=\"details\"><p>$450,000 (Todas las ofertas sujetas a aprobaci\u00f3n judicial)<br>Vacante 6 <\/p><p>Barrio<br>South Shore<\/p><\/div>                    <a class=\"cic-button\" href=\"https:\/\/www.cicchicago.com\/es\/propiedad\/7608-10-s-phillips-ave-chicago-il-60649\/\">M\u00e1s<\/a>\n                <\/div>\n            <\/section>\n            <\/div><\/div>\n<\/article><\/div><\/div>\n\n\n\n<div class=\"wp-block-group\"><div class=\"wp-block-group__inner-container is-layout-flow wp-block-group-is-layout-flow\">\n<hr class=\"wp-block-separator\"\/>\n\n\n\n<h4 class=\"wp-block-heading\"><strong>Recursos para compradores potenciales<\/strong><\/h4>\n\n\n\n<p class=\"has-larger-font-size\">\u00bfEst\u00e1 interesado en comprar y rehabilitar un edificio de alquiler? El financiamento de CIC y otros programas pueden ayudarle.<\/p>\n\n\n\n<div style=\"height:100px\" aria-hidden=\"true\" class=\"wp-block-spacer\"><\/div>\n\n\n\n<div class=\"wp-block-columns is-style-rules is-layout-flex wp-container-core-columns-is-layout-9d6595d7 wp-block-columns-is-layout-flex\">\n<div class=\"wp-block-column is-layout-flow wp-block-column-is-layout-flow\">\n<figure class=\"wp-block-image size-medium is-resized\"><img loading=\"lazy\" decoding=\"async\" src=\"https:\/\/www.cicchicago.com\/wp-content\/uploads\/2020\/05\/tbi-acquistion-fund-300x192.png\" alt=\"\" class=\"wp-image-516\" width=\"225\" height=\"144\" srcset=\"https:\/\/www.cicchicago.com\/wp-content\/uploads\/2020\/05\/tbi-acquistion-fund-300x192.png 300w, https:\/\/www.cicchicago.com\/wp-content\/uploads\/2020\/05\/tbi-acquistion-fund.png 450w\" sizes=\"auto, (max-width: 225px) 100vw, 225px\" \/><\/figure>\n\n\n\n<h5 class=\"wp-block-heading\">Financiamento de adquisici\u00f3nes de TBI<\/h5>\n\n\n\n<p>El Programa de Adquisici\u00f3n TBI est\u00e1 disponible para desarrolladores de proyectos multifamiliares calificados (5+ apartamentos) en la ciudad de Chicago. Los fondos est\u00e1n disponibles para ayudar a salvar una brecha de proyecto con la intenci\u00f3n de hacer factible un proyecto que de otro modo ser\u00eda inviable.<\/p>\n\n\n\n<div class=\"wp-block-buttons is-layout-flex wp-block-buttons-is-layout-flex\">\n<div class=\"wp-block-button\"><a class=\"wp-block-button__link\" href=\"\/es\/programas\/iniciativa-sobre-edificios-conflictivos\/#acquisition-funding\">M\u00e1s \/ Solicitar<\/a><\/div>\n<\/div>\n\n\n\n<p><\/p>\n<\/div>\n\n\n\n<div class=\"wp-block-column is-layout-flow wp-block-column-is-layout-flow\">\n<figure class=\"wp-block-image size-medium is-resized\"><img loading=\"lazy\" decoding=\"async\" src=\"https:\/\/www.cicchicago.com\/wp-content\/uploads\/2020\/05\/cic-financing-300x192.png\" alt=\"\" class=\"wp-image-517\" width=\"225\" height=\"144\" srcset=\"https:\/\/www.cicchicago.com\/wp-content\/uploads\/2020\/05\/cic-financing-300x192.png 300w, https:\/\/www.cicchicago.com\/wp-content\/uploads\/2020\/05\/cic-financing.png 450w\" sizes=\"auto, (max-width: 225px) 100vw, 225px\" \/><\/figure>\n\n\n\n<h5 class=\"wp-block-heading\">Financiamento de CIC<\/h5>\n\n\n\n<p>Los pr\u00e9stamo de multifamiliar y de cartera de energ\u00eda de CIC est\u00e1n disponibles para ayudar a los desarrolladores a comprar y rehabilitar propiedades disponibles para la venta.<\/p>\n\n\n\n<div class=\"wp-block-buttons is-layout-flex wp-block-buttons-is-layout-flex\">\n<div class=\"wp-block-button\"><a class=\"wp-block-button__link\" href=\"\/es\/prestamos\/\" target=\"_blank\" rel=\"noreferrer noopener\">M\u00e1s \/ Solicitar<\/a><\/div>\n<\/div>\n\n\n\n<p><\/p>\n<\/div>\n<\/div>\n<\/div><\/div>\n\n\n\n<p><\/p>","protected":false},"excerpt":{"rendered":"<p>We work with local developers who are interested in purchasing and rehabbing distressed properties. Resources for Potential Buyers Interested in buying and rehabbing a listed rental property? CIC financing and other programs may be available to help you. TBI Acquisition Funding The TBI Acquisition Program is available to multifamily developers of qualified projects (5+ residential [&#8230;] <a class=\"read_more\" href=\"https:\/\/www.cicchicago.com\/es\/propiedades-en-venta\/\">Read More<\/a><\/p>\n","protected":false},"author":1,"featured_media":0,"parent":0,"menu_order":0,"comment_status":"closed","ping_status":"closed","template":"","meta":{"_acf_changed":false,"om_disable_all_campaigns":false,"_monsterinsights_skip_tracking":false,"_monsterinsights_sitenote_active":false,"_monsterinsights_sitenote_note":"","_monsterinsights_sitenote_category":0,"_uf_show_specific_survey":0,"_uf_disable_surveys":false,"footnotes":""},"class_list":["post-11","page","type-page","status-publish","hentry","entry"],"acf":[],"aioseo_notices":[],"_links":{"self":[{"href":"https:\/\/www.cicchicago.com\/es\/wp-json\/wp\/v2\/pages\/11","targetHints":{"allow":["GET"]}}],"collection":[{"href":"https:\/\/www.cicchicago.com\/es\/wp-json\/wp\/v2\/pages"}],"about":[{"href":"https:\/\/www.cicchicago.com\/es\/wp-json\/wp\/v2\/types\/page"}],"author":[{"embeddable":true,"href":"https:\/\/www.cicchicago.com\/es\/wp-json\/wp\/v2\/users\/1"}],"replies":[{"embeddable":true,"href":"https:\/\/www.cicchicago.com\/es\/wp-json\/wp\/v2\/comments?post=11"}],"version-history":[{"count":19,"href":"https:\/\/www.cicchicago.com\/es\/wp-json\/wp\/v2\/pages\/11\/revisions"}],"predecessor-version":[{"id":3294,"href":"https:\/\/www.cicchicago.com\/es\/wp-json\/wp\/v2\/pages\/11\/revisions\/3294"}],"wp:attachment":[{"href":"https:\/\/www.cicchicago.com\/es\/wp-json\/wp\/v2\/media?parent=11"}],"curies":[{"name":"wp","href":"https:\/\/api.w.org\/{rel}","templated":true}]}}