{"id":13,"date":"2020-05-20T17:30:30","date_gmt":"2020-05-20T17:30:30","guid":{"rendered":"https:\/\/www.cicchicago.com\/?page_id=13"},"modified":"2020-06-26T21:44:18","modified_gmt":"2020-06-26T21:44:18","slug":"politica","status":"publish","type":"page","link":"https:\/\/www.cicchicago.com\/es\/politica\/","title":{"rendered":"P\u00f3lizas"},"content":{"rendered":"<div class=\"wp-block-group has-light-blue-gradient-boomerang-background-color has-background\"><div class=\"wp-block-group__inner-container is-layout-flow wp-block-group-is-layout-flow\">\n<div class=\"wp-block-columns is-layout-flex wp-container-core-columns-is-layout-9d6595d7 wp-block-columns-is-layout-flex\">\n<div class=\"wp-block-column is-layout-flow wp-block-column-is-layout-flow\" style=\"flex-basis:66.66%\">    <div id=\"crumb-block_5ecfb94d15337\" class=\"crumb\">\n        P\u00f3lizas    <\/div>\n\n\n\n<p class=\"has-huge-font-size\">CIC aloja The Preservation Compact, una colaboraci\u00f3n intersectorial que impulsa estrategias intencionadas y coordinadas para conservar apartamentos de alquiler asequibles en el condado de Cook.<\/p>\n<\/div>\n\n\n\n<div class=\"wp-block-column is-vertically-aligned-center is-layout-flow wp-block-column-is-layout-flow\" style=\"flex-basis:33.33%\">\n<div class=\"wp-block-buttons is-style-centered is-layout-flex wp-block-buttons-is-layout-flex\">\n<div class=\"wp-block-button\"><a class=\"wp-block-button__link\" href=\"http:\/\/www.preservationcompact.org\/\" target=\"_blank\" rel=\"noreferrer noopener\">Pacto de Preservaci\u00f3n<\/a><\/div>\n<\/div>\n<\/div>\n<\/div>\n<\/div><\/div>\n\n\n    <div id=\"image-blinds-block_5ecfb66faf649\" class=\"image-blinds-block alignfull\">\n                    <div class=\"slide slide-0 left\" style=\"background-image: url(https:\/\/www.cicchicago.com\/wp-content\/uploads\/2020\/06\/cic_policy_010-1200x800.jpg);\"><\/div>\n                    <div class=\"slide slide-1 right\" style=\"background-image: url(https:\/\/www.cicchicago.com\/wp-content\/uploads\/2020\/06\/cic_policy_011-1200x800.jpg);\"><\/div>\n                    <div class=\"slide slide-2\" style=\"background-image: url(https:\/\/www.cicchicago.com\/wp-content\/uploads\/2020\/06\/policy-slide-3-1200x800.jpg);\"><\/div>\n                    <div class=\"slide slide-3\" style=\"background-image: url(https:\/\/www.cicchicago.com\/wp-content\/uploads\/2020\/06\/cic_policy_012-1200x800.jpg);\"><\/div>\n            <\/div>\n\n\n\n<div class=\"wp-block-group\"><div class=\"wp-block-group__inner-container is-layout-flow wp-block-group-is-layout-flow\">\n<div class=\"wp-block-columns is-layout-flex wp-container-core-columns-is-layout-9d6595d7 wp-block-columns-is-layout-flex\">\n<div class=\"wp-block-column is-layout-flow wp-block-column-is-layout-flow\" style=\"flex-basis:66.66%\">\n<p class=\"has-large-font-size\">El Pacto re\u00fane a agencias gubernamentales, organizaciones sin \u00e1nimo de lucro, due\u00f1os de edificios, defensores de los inquilinos y otras partes interesadas en las viviendas para creer p\u00f3lizas duraderas que ayudan a preservar apartamentos de alquiler asequibles subsidiados por el gobierno y de origen natural.<\/p>\n\n\n\n<p class=\"has-large-font-size\">L\u00edderes de varias disciplinas y conocimientos se re\u00fanen para identificar los problemas m\u00e1s acuciantes de la regi\u00f3n de Chicago en materia de conservaci\u00f3n de alquileres asequibles, idear soluciones y aplicar estrategias sobre el terreno. Las \u00e1reas de inter\u00e9s del Pacto incluyen los impuestos sobre la propiedad, mejorar el c\u00f3digo de construcci\u00f3n y ampliar la asequibilidad con apartamentos en el s\u00f3tano.<\/p>\n<\/div>\n\n\n\n<div class=\"wp-block-column is-vertically-aligned-center is-layout-flow wp-block-column-is-layout-flow\" style=\"flex-basis:33.33%\">\n<div class=\"wp-block-buttons is-layout-flex wp-block-buttons-is-layout-flex\">\n<div class=\"wp-block-button\"><a class=\"wp-block-button__link\" href=\"http:\/\/www.preservationcompact.org\/\" target=\"_blank\" rel=\"noreferrer noopener\">Pacto de Preservaci\u00f3n<\/a><\/div>\n<\/div>\n<\/div>\n<\/div>\n<\/div><\/div>","protected":false},"excerpt":{"rendered":"<p>CIC houses The Preservation Compact, a cross-sector collaborative that drives intentional, coordinated strategies to preserve affordable rental housing in Cook&nbsp;County. The Compact brings together government agencies, non-profits, building owners, tenant advocates, and other housing stakeholders to build a lasting policy framework to help preserve the existing government subsidized and naturally occurring affordable rental housing stock. [&#8230;] <a class=\"read_more\" href=\"https:\/\/www.cicchicago.com\/es\/politica\/\">Read More<\/a><\/p>\n","protected":false},"author":1,"featured_media":0,"parent":0,"menu_order":0,"comment_status":"closed","ping_status":"closed","template":"","meta":{"_acf_changed":false,"om_disable_all_campaigns":false,"_monsterinsights_skip_tracking":false,"_monsterinsights_sitenote_active":false,"_monsterinsights_sitenote_note":"","_monsterinsights_sitenote_category":0,"_uf_show_specific_survey":0,"_uf_disable_surveys":false,"footnotes":""},"class_list":["post-13","page","type-page","status-publish","hentry","entry"],"acf":[],"aioseo_notices":[],"_links":{"self":[{"href":"https:\/\/www.cicchicago.com\/es\/wp-json\/wp\/v2\/pages\/13","targetHints":{"allow":["GET"]}}],"collection":[{"href":"https:\/\/www.cicchicago.com\/es\/wp-json\/wp\/v2\/pages"}],"about":[{"href":"https:\/\/www.cicchicago.com\/es\/wp-json\/wp\/v2\/types\/page"}],"author":[{"embeddable":true,"href":"https:\/\/www.cicchicago.com\/es\/wp-json\/wp\/v2\/users\/1"}],"replies":[{"embeddable":true,"href":"https:\/\/www.cicchicago.com\/es\/wp-json\/wp\/v2\/comments?post=13"}],"version-history":[{"count":11,"href":"https:\/\/www.cicchicago.com\/es\/wp-json\/wp\/v2\/pages\/13\/revisions"}],"predecessor-version":[{"id":1910,"href":"https:\/\/www.cicchicago.com\/es\/wp-json\/wp\/v2\/pages\/13\/revisions\/1910"}],"wp:attachment":[{"href":"https:\/\/www.cicchicago.com\/es\/wp-json\/wp\/v2\/media?parent=13"}],"curies":[{"name":"wp","href":"https:\/\/api.w.org\/{rel}","templated":true}]}}