{"id":17,"date":"2020-05-20T17:30:49","date_gmt":"2020-05-20T17:30:49","guid":{"rendered":"https:\/\/www.cicchicago.com\/?page_id=17"},"modified":"2020-06-26T21:45:03","modified_gmt":"2020-06-26T21:45:03","slug":"pongase-en-contacto-con","status":"publish","type":"page","link":"https:\/\/www.cicchicago.com\/es\/pongase-en-contacto-con\/","title":{"rendered":"P\u00f3ngase en contacto con"},"content":{"rendered":"\n<div class=\"wp-block-group has-light-blue-gradient-boomerang-background-color has-background\"><div class=\"wp-block-group__inner-container is-layout-flow wp-block-group-is-layout-flow\">    <div id=\"crumb-block_5ecfbc234897c\" class=\"crumb\">\n        Contact    <\/div>\n\n\n\n<p class=\"has-huge-font-size\">Connect with CIC.<\/p>\n\n\n\n<p class=\"has-large-font-size\"><a href=\"tel:3122580070\">312.258.0070<\/a><br><a href=\"mailto:info@cicchicago.com\">info@cicchicago.com<\/a><\/p>\n\n\n\n<p class=\"has-large-font-size\">222 S. Riverside Plaza, Suite 380<br>Chicago, IL 60606<\/p>\n\n\n\n<h5 class=\"wp-block-heading\">Links<\/h5>\n\n\n\n<ul class=\"wp-block-list\"><li><a href=\"\/about\/#staff\">Staff directory<\/a><\/li><li><a href=\"#\">Sign up for our newsletter<\/a><\/li><li><a href=\"#\">Facebook<\/a><\/li><li><a rel=\"noreferrer noopener\" href=\"https:\/\/twitter.com\/CICCHICAGO\" target=\"_blank\">Twitter<\/a><\/li><li><a rel=\"noreferrer noopener\" href=\"https:\/\/www.linkedin.com\/company\/community-investment-corporation\" target=\"_blank\">LinkedIn<\/a><\/li><\/ul>\n\n\n\n<h5 class=\"wp-block-heading\">For media inquiries<\/h5>\n\n\n\n<p>contact Anne Cole, Director of Communications &amp; External Affairs<br><a href=\"mailto:anne.cole@cicchicago.com\">anne.cole@cicchicago.com<\/a>, <a href=\"tel:3122589918\">312.258.9918<\/a><\/p>\n\n\n\n<hr class=\"wp-block-separator\"\/>\n\n\n\n<p class=\"has-huge-font-size\">Contact form<\/p>\n\n\n<div class=\"wpforms-container cic-form-wrapper wpforms-block\" id=\"wpforms-766\"><form id=\"wpforms-form-766\" class=\"wpforms-validate wpforms-form\" data-formid=\"766\" method=\"post\" enctype=\"multipart\/form-data\" action=\"\/es\/wp-json\/wp\/v2\/pages\/17\" data-token=\"43900365648aaeccf6c1f161429edc38\" data-token-time=\"1776571277\"><noscript class=\"wpforms-error-noscript\">Por favor, activa JavaScript en tu navegador para completar este formulario.<\/noscript><div class=\"wpforms-field-container\"><div id=\"wpforms-766-field_0-container\" class=\"wpforms-field wpforms-field-name\" data-field-id=\"0\"><label class=\"wpforms-field-label wpforms-label-hide\">Name <span class=\"wpforms-required-label\">*<\/span><\/label><div class=\"wpforms-field-row wpforms-field-large\"><div class=\"wpforms-field-row-block wpforms-first wpforms-one-half\"><input type=\"text\" id=\"wpforms-766-field_0\" class=\"wpforms-field-name-first wpforms-field-required\" name=\"wpforms[fields][0][first]\" placeholder=\"First Name\" required><label for=\"wpforms-766-field_0\" class=\"wpforms-field-sublabel after\">Nombre<\/label><\/div><div class=\"wpforms-field-row-block wpforms-one-half\"><input type=\"text\" id=\"wpforms-766-field_0-last\" class=\"wpforms-field-name-last wpforms-field-required\" name=\"wpforms[fields][0][last]\" placeholder=\"Last Name\" required><label for=\"wpforms-766-field_0-last\" class=\"wpforms-field-sublabel after\">Apellidos<\/label><\/div><\/div><\/div><div id=\"wpforms-766-field_1-container\" class=\"wpforms-field wpforms-field-email\" data-field-id=\"1\"><label class=\"wpforms-field-label wpforms-label-hide\" for=\"wpforms-766-field_1\">Email <span class=\"wpforms-required-label\">*<\/span><\/label><input type=\"email\" id=\"wpforms-766-field_1\" class=\"wpforms-field-large wpforms-field-required\" name=\"wpforms[fields][1]\" placeholder=\"Email\" spellcheck=\"false\" required><\/div><div id=\"wpforms-766-field_4-container\" class=\"wpforms-field wpforms-field-text wpforms-one-half wpforms-first\" data-field-id=\"4\"><label class=\"wpforms-field-label wpforms-label-hide\" for=\"wpforms-766-field_4\">Phone<\/label><input type=\"text\" id=\"wpforms-766-field_4\" class=\"wpforms-field-large\" name=\"wpforms[fields][4]\" placeholder=\"Phone\" ><\/div><div id=\"wpforms-766-field_5-container\" class=\"wpforms-field wpforms-field-text wpforms-one-half\" data-field-id=\"5\"><label class=\"wpforms-field-label wpforms-label-hide\" for=\"wpforms-766-field_5\">Zip<\/label><input type=\"text\" id=\"wpforms-766-field_5\" class=\"wpforms-field-large\" name=\"wpforms[fields][5]\" placeholder=\"Zip\" ><\/div><div id=\"wpforms-766-field_6-container\" class=\"wpforms-field wpforms-field-select wpforms-first wpforms-field-select-style-classic\" data-field-id=\"6\"><label class=\"wpforms-field-label wpforms-label-hide\" for=\"wpforms-766-field_6\">Subject <span class=\"wpforms-required-label\">*<\/span><\/label><select id=\"wpforms-766-field_6\" class=\"wpforms-field-large wpforms-field-required\" name=\"wpforms[fields][6]\" required=\"required\"><option value=\"\" class=\"placeholder\" disabled  selected='selected'>Subject<\/option><option value=\"I would like to speak to a loan officer\"  class=\"choice-1 depth-1\"  >I would like to speak to a loan officer<\/option><option value=\"I&#039;m  interested in buying a property for sale\"  class=\"choice-2 depth-1\"  >I&#8217;m  interested in buying a property for sale<\/option><option value=\"I&#039;m interested in Property Management Training\"  class=\"choice-3 depth-1\"  >I&#8217;m interested in Property Management Training<\/option><option value=\"Other\/General Inquiry\"  class=\"choice-4 depth-1\"  >Other\/General Inquiry<\/option><\/select><\/div><div id=\"wpforms-766-field_2-container\" class=\"wpforms-field wpforms-field-textarea\" data-field-id=\"2\"><label class=\"wpforms-field-label wpforms-label-hide\" for=\"wpforms-766-field_2\">Message<\/label><textarea id=\"wpforms-766-field_2\" class=\"wpforms-field-small\" name=\"wpforms[fields][2]\" placeholder=\"Message\" ><\/textarea><\/div><\/div><!-- .wpforms-field-container --><div class=\"wpforms-field wpforms-field-hp\"><label for=\"wpforms-766-field-hp\" class=\"wpforms-field-label\">Name<\/label><input type=\"text\" name=\"wpforms[hp]\" id=\"wpforms-766-field-hp\" class=\"wpforms-field-medium\"><\/div><div class=\"wpforms-submit-container\" ><input type=\"hidden\" name=\"wpforms[id]\" value=\"766\"><input type=\"hidden\" name=\"page_title\" value=\"\"><input type=\"hidden\" name=\"page_url\" value=\"https:\/\/www.cicchicago.com\/es\/wp-json\/wp\/v2\/pages\/17\"><input type=\"hidden\" name=\"url_referer\" value=\"\"><button type=\"submit\" name=\"wpforms[submit]\" id=\"wpforms-submit-766\" class=\"wpforms-submit\" data-alt-text=\"Sending...\" data-submit-text=\"Submit\" aria-live=\"assertive\" value=\"wpforms-submit\">Submit<\/button><\/div><\/form><\/div>  <!-- .wpforms-container --><\/div><\/div>\n\n\n\n<p><\/p>\n","protected":false},"excerpt":{"rendered":"<p>Con\u00e9ctese con el CIC. 312.258.0070info@cicchicago.com 222 S. Riverside Plaza, Suite 380Chicago, IL 60606 Enlaces Directorio de personal Suscr\u00edbase a nuestro bolet\u00edn Facebook Twitter LinkedIn Para consultas de los medios de comunicaci\u00f3n, p\u00f3ngase en contacto con Anne Cole, Directora de Comunicaci\u00f3n y Relaciones Exteriores Affairsanne.cole@cicchicago.com, 312.258.9918 Formulario de contacto<\/p>","protected":false},"author":1,"featured_media":0,"parent":0,"menu_order":0,"comment_status":"closed","ping_status":"closed","template":"","meta":{"_acf_changed":false,"om_disable_all_campaigns":false,"_monsterinsights_skip_tracking":false,"_monsterinsights_sitenote_active":false,"_monsterinsights_sitenote_note":"","_monsterinsights_sitenote_category":0,"_uf_show_specific_survey":0,"_uf_disable_surveys":false,"footnotes":""},"class_list":["post-17","page","type-page","status-publish","hentry","entry"],"acf":[],"aioseo_notices":[],"_links":{"self":[{"href":"https:\/\/www.cicchicago.com\/es\/wp-json\/wp\/v2\/pages\/17","targetHints":{"allow":["GET"]}}],"collection":[{"href":"https:\/\/www.cicchicago.com\/es\/wp-json\/wp\/v2\/pages"}],"about":[{"href":"https:\/\/www.cicchicago.com\/es\/wp-json\/wp\/v2\/types\/page"}],"author":[{"embeddable":true,"href":"https:\/\/www.cicchicago.com\/es\/wp-json\/wp\/v2\/users\/1"}],"replies":[{"embeddable":true,"href":"https:\/\/www.cicchicago.com\/es\/wp-json\/wp\/v2\/comments?post=17"}],"version-history":[{"count":8,"href":"https:\/\/www.cicchicago.com\/es\/wp-json\/wp\/v2\/pages\/17\/revisions"}],"predecessor-version":[{"id":1032,"href":"https:\/\/www.cicchicago.com\/es\/wp-json\/wp\/v2\/pages\/17\/revisions\/1032"}],"wp:attachment":[{"href":"https:\/\/www.cicchicago.com\/es\/wp-json\/wp\/v2\/media?parent=17"}],"curies":[{"name":"wp","href":"https:\/\/api.w.org\/{rel}","templated":true}]}}