{"id":19,"date":"2020-05-20T17:31:07","date_gmt":"2020-05-20T17:31:07","guid":{"rendered":"https:\/\/www.cicchicago.com\/?page_id=19"},"modified":"2026-02-20T20:34:29","modified_gmt":"2026-02-20T20:34:29","slug":"relaciones-con-los-inversores","status":"publish","type":"page","link":"https:\/\/www.cicchicago.com\/es\/relaciones-con-los-inversores\/","title":{"rendered":"Relaciones con los inversores"},"content":{"rendered":"<div class=\"wp-block-group has-light-blue-gradient-boomerang-background-color has-background\"><div class=\"wp-block-group__inner-container is-layout-flow wp-block-group-is-layout-flow\">    <div id=\"crumb-block_8ecae17f702ace06b4a24e05b8b27ed2\" class=\"crumb\">\n        Relaciones con los inversores    <\/div>\n\n\n\n<p class=\"is-style-narrow-6 has-huge-font-size\">El \u00e9xito del CIC est\u00e1 directamente relacionado con las inversiones de las instituciones de la zona de Chicago, que se han comprometido a largo plazo con los programas de pr\u00e9stamo del CIC.<\/p>\n<\/div><\/div>\n\n\n    <div id=\"image-blinds-block_c5661fe68782bf721a6985042463ea98\" class=\"image-blinds-block alignfull\">\n                    <div class=\"slide slide-0 left\" style=\"background-image: url(https:\/\/www.cicchicago.com\/wp-content\/uploads\/2020\/06\/cic_investor-2-1200x800.jpg);\"><\/div>\n                    <div class=\"slide slide-1 right\" style=\"background-image: url(https:\/\/www.cicchicago.com\/wp-content\/uploads\/2020\/06\/cic_investor-1200x800.jpg);\"><\/div>\n                    <div class=\"slide slide-2\" style=\"background-image: url(https:\/\/www.cicchicago.com\/wp-content\/uploads\/2020\/06\/investor-relations-3-1200x800.jpg);\"><\/div>\n                    <div class=\"slide slide-3\" style=\"background-image: url(https:\/\/www.cicchicago.com\/wp-content\/uploads\/2020\/06\/investor-relations-4-1200x800.jpg);\"><\/div>\n                    <div class=\"slide slide-4\" style=\"background-image: url(https:\/\/www.cicchicago.com\/wp-content\/uploads\/2020\/06\/financials-1-1200x800.jpg);\"><\/div>\n            <\/div>\n\n\n\n<div class=\"wp-block-group has-teal-background-color has-background\"><div class=\"wp-block-group__inner-container is-layout-flow wp-block-group-is-layout-flow\">\n<h4 class=\"wp-block-heading\" id=\"invest\"><strong>Relaciones con los inversores<\/strong><\/h4>\n\n\n\n<div class=\"wp-block-columns is-layout-flex wp-container-core-columns-is-layout-9d6595d7 wp-block-columns-is-layout-flex\">\n<div class=\"wp-block-column is-layout-flow wp-block-column-is-layout-flow\" style=\"flex-basis:55%\">\n<p class=\"has-huge-font-size\">Rendimiento real. Impacto real.<\/p>\n\n\n\n<p>En el centro del \u00e9xito sostenido de CIC en los \u00faltimos 50 a\u00f1os se encuentran las asociaciones con instituciones financieras, gubernamentales y filantr\u00f3picas. CIC comenz\u00f3 con $17,5 millones en compromisos de 14 inversores y ha crecido hasta $322 millones en compromisos de 37 inversores. Adem\u00e1s de crecer en tama\u00f1o, CIC ha ampliado y diversificado su grupo de inversores y financiaci\u00f3n para incluir no s\u00f3lo inversores multifamiliares, sino tambi\u00e9n inversores en el Fondo de Inversi\u00f3n de Oportunidades, Inversiones Relacionadas con Programas (PRI) y otros veh\u00edculos de inversi\u00f3n.<\/p>\n\n\n\n<p><a href=\"https:\/\/www.cicchicago.com\/wp-content\/uploads\/2024\/08\/CIC-Multifamily-Summary-Term-Sheet-2024.pdf\" target=\"_blank\" rel=\"noopener\" title=\"\">Hoja de t\u00e9rminos NPA multifamiliares<\/a><\/p>\n\n\n\n<p><\/p>\n<\/div>\n\n\n\n<div class=\"wp-block-column is-layout-flow wp-block-column-is-layout-flow\">    <div id=\"stat-bottom-border-block-block_d2592d038599bb48ea06c80a98049869\" class=\"stat-bottom-border-block alignfull\">\n        <div class=\"large count-up\" data-id=\"466675192\">37<\/div>        <div class=\"small\">inversores<\/div>    <\/div>\n\n\n    <div id=\"stat-bottom-border-block-block_4fab3903c780a15927029074ad8e1865\" class=\"stat-bottom-border-block alignfull\">\n        <div class=\"large count-up\" data-id=\"263172208\">$322 millones<\/div>        <div class=\"small\">inversiones corrientes<\/div>    <\/div>\n<\/div>\n<\/div>\n<\/div><\/div>\n\n\n\n<div class=\"wp-block-group has-yellow-background-color has-background\"><div class=\"wp-block-group__inner-container is-layout-flow wp-block-group-is-layout-flow\">\n<h4 class=\"wp-block-heading\">Invertir en CIC<\/h4>\n\n\n\n<div class=\"wp-block-columns is-layout-flex wp-container-core-columns-is-layout-9d6595d7 wp-block-columns-is-layout-flex\">\n<div class=\"wp-block-column is-layout-flow wp-block-column-is-layout-flow\" style=\"flex-basis:55%\">\n<p class=\"has-larger-font-size\"><a href=\"mailto:anne.cole@cicchicago.com\">P\u00f3ngase en contacto con nosotros<\/a> para saber m\u00e1s sobre c\u00f3mo invertir en CIC.<\/p>\n<\/div>\n\n\n\n<div class=\"wp-block-column is-layout-flow wp-block-column-is-layout-flow\">\n<div class=\"wp-block-buttons is-style-centered is-layout-flex wp-block-buttons-is-layout-flex\">\n<div class=\"wp-block-button\"><a class=\"wp-block-button__link\" href=\"mailto:anne.cole@cicchicago.com\">Correo electr\u00f3nico<\/a><\/div>\n\n\n\n<div class=\"wp-block-button\"><a class=\"wp-block-button__link\" href=\"tel:312-258-0070\">Llame a<\/a><\/div>\n<\/div>\n<\/div>\n<\/div>\n<\/div><\/div>\n\n\n\n<h4 class=\"wp-block-heading\" id=\"investors\">Inversores<\/h4>\n\n\n\n<p class=\"is-style-narrow-7 has-larger-font-size\">Los programas de pr\u00e9stamos del CIC son posibles gracias a las inversiones de casi 40 instituciones financieras, gobiernos y socios filantr\u00f3picos.<\/p>\n\n\n\n<div style=\"height:50px\" aria-hidden=\"true\" class=\"wp-block-spacer\"><\/div>\n\n\n    <article id=\"tabs-block-block_0fd59b8a6dcbbfefb472e275a4f2f8b2\" class=\"tabs-block tab-space-normal mobile-tabs-sidescroll\">\n                <nav class=\"cic-tabs\"><ul>\n                            <li data-tab=\"multifamily-investors\" class=\"active\"><span>Inversores multifamiliares<\/span><\/li>\n                            <li data-tab=\"opportunity-investment-fund-investors\" class=\"\"><span>Inversores del Fondo de Inversi\u00f3n Oportunidad<\/span><\/li>\n                            <li data-tab=\"additional-investors-and-supporters-\" class=\"\"><span>Inversores y patrocinadores adicionales <\/span><\/li>\n                    <\/ul><\/nav>\n                                <section id=\"multifamily-investors\" class=\"type-list columns-4 active\">\n                                    <ul>\n<li>Banco JPMorgan Chase<\/li>\n<li>The Northern Trust Company<\/li>\n<li>BMO Harris NA<\/li>\n<li>Providence Bank and Trust<\/li>\n<li>Fifth Third Community Development Company LLC<\/li>\n<li>PNC Community Development Company, LLC<\/li>\n<li>Associated Bank<\/li>\n<li>Old National Bank (Adquirido First Midwest Bank)<\/li>\n<li>Corporaci\u00f3n de Desarrollo Comunitario de Huntington<\/li>\n<li>First Eagle Bank<\/li>\n<li>Banco Amalgamado de Chicago<\/li>\n<li>CIBC<\/li>\n<li>First Bank and Trust Company of Illinois<\/li>\n<li>First American Bank<\/li>\n<li>Primera Caja de Ahorros de Hegewisch<\/li>\n<li>Byline Bank (Adquirido Inland Bank and Trust)<\/li>\n<li>Wintrust Bank<\/li>\n<li>Wintrust - Lake Forest Bank and Trust Company<\/li>\n<li>Forest Park National Bank &amp; Trust Company<\/li>\n<li>Wintrust- Northbrook Bank and Trust Company<\/li>\n<li>First Bank Chicago (tambi\u00e9n conocido como First Bank of Highland Park)<\/li>\n<li>Wintrust - Banco Comunitario Old Plank Trail<\/li>\n<li>Wintrust - Hinsdale Bank &amp; Trust Company<\/li>\n<li>Wintrust - Barrington Bank and Trust Company<\/li>\n<li>Byline Bank<\/li>\n<li>Banco de Ahorros Liberty<\/li>\n<li>Banco Internacional de Chicago<\/li>\n<li>First National Bank de Brookfield<\/li>\n<li>Grupo bancario Evergreen<\/li>\n<li>Banco Lakeside<\/li>\n<li>Banco Devon<\/li>\n<li>Wintrust - Beverly Bank and Trust<\/li>\n<li>Wintrust - Wheaton Bank and Trust<\/li>\n<li>Old Second National Bank (Adquirido West Suburban Bank)<\/li>\n<li>Antiguo Segundo Banco Nacional<\/li>\n<li>Huntington National Bank (Adquiri\u00f3 TCF)<\/li>\n<li>Republic Bank de Chicago<\/li>\n<li>Banco Burling<\/li>\n<li>Heartland Bank and Trust Company<\/li>\n<\/ul>\n                                            <\/section>\n                                <section id=\"opportunity-investment-fund-investors\" class=\"type-list columns-4\">\n                                    <ul>\n<li>CIBC<\/li>\n<li>BMO Harris<\/li>\n<li>Fifth Third Bank<\/li>\n<li>The Northern Trust Company<\/li>\n<li>Huntington Bank<\/li>\n<li>Byline Bank<\/li>\n<li>Ciudad de Chicago<\/li>\n<li>Departamento del Tesoro de EE.UU. Fondo Magneto de Capital<\/li>\n<\/ul>\n                                            <\/section>\n                                <section id=\"additional-investors-and-supporters-\" class=\"type-list columns-4\">\n                                    <ul>\n<li>Ciudad de Chicago<\/li>\n<li>Autoridad de Desarrollo de la Vivienda de Illinois<\/li>\n<li>Banco Federal de Pr\u00e9stamos Hipotecarios de Chicago<\/li>\n<li>Departamento del Tesoro de EE.UU.<br \/>\n- Fondo CDFI<br \/>\n- Fondo Magn\u00e9tico de Capital<\/li>\n<li>Fundaci\u00f3n MacArthur<\/li>\n<li>ComEd<\/li>\n<li>Fundaci\u00f3n de la Energ\u00eda<\/li>\n<li>Chicago Community Trust<\/li>\n<li>Fundaci\u00f3n Polk Bros.<\/li>\n<li>Fundaci\u00f3n JPMorgan Chase<\/li>\n<li>Wells Fargo<\/li>\n<li>Banco de EE.UU.<\/li>\n<li>Fundaci\u00f3n Familia Harris<\/li>\n<li>Iniciativa Chan Zuckerberg<\/li>\n<li>C\u00edrculo de servicio<\/li>\n<li>Centro de Estrategia de Movimientos<\/li>\n<\/ul>\n                                            <\/section>\n            <\/article>\n\n\n\n<div style=\"height:50px\" aria-hidden=\"true\" class=\"wp-block-spacer\"><\/div>\n\n\n    <div id=\"image-row-block-block_3992ccabb22b3bb57f10d4fb1b0bd753\" class=\"image-row-block\">\n        <div>\n                            <img decoding=\"async\" src=\"https:\/\/www.cicchicago.com\/wp-content\/uploads\/2020\/05\/cdfi-logo-2-300x300.png\" alt=\"CDFI\" style=\"max-height: 50px;\">\n                                             <img decoding=\"async\" src=\"https:\/\/www.cicchicago.com\/wp-content\/uploads\/2020\/05\/fhlb-chicago-logo-500x145.png\" alt=\"FHLB Chicago\" style=\"max-height: 50px;\">\n                                             <img decoding=\"async\" src=\"https:\/\/www.cicchicago.com\/wp-content\/uploads\/2020\/05\/equal-housing-opportunity-logo-467x500.png\" alt=\"Igualdad de oportunidades en materia de vivienda\" style=\"max-height: 50px;\">\n                                     <\/div>\n    <\/div>\n\n\n\n<p class=\"is-style-narrow-3 has-tiny-font-size\">CIC es una Instituci\u00f3n Financiera de Desarrollo Comunitario (CDFI) certificada y es miembro del Federal Home Loan Bank de Chicago.<\/p>\n\n\n\n<div class=\"wp-block-group has-light-blue-gradient-background-color has-background\"><div class=\"wp-block-group__inner-container is-layout-flow wp-block-group-is-layout-flow\">\n<div class=\"wp-block-columns is-layout-flex wp-container-core-columns-is-layout-9d6595d7 wp-block-columns-is-layout-flex\">\n<div class=\"wp-block-column is-layout-flow wp-block-column-is-layout-flow\" style=\"flex-basis:66.6%\">\n<h4 class=\"wp-block-heading\" id=\"how-it-works\"><strong>C\u00f3mo funciona<\/strong><\/h4>\n\n\n\n<p class=\"has-larger-font-size\">Los bancos participan en el Programa de Pr\u00e9stamos Multifamiliares de CIC a trav\u00e9s de un concepto \u00fanico: el Acuerdo de Compra de Pagar\u00e9s (NPA).<\/p>\n\n\n\n<p class=\"has-large-font-size\">Creado originalmente en 1984 y modificado muchas veces a lo largo de los a\u00f1os para adaptarse a las condiciones cambiantes, el NPA es un veh\u00edculo probado, eficaz y eficiente para que los inversores participen en los programas de pr\u00e9stamos de CIC.<\/p>\n\n\n\n<p class=\"has-large-font-size\">Los NPA proporcionan una fuente previsible de capital a largo plazo para la adquisici\u00f3n y rehabilitaci\u00f3n de viviendas asequibles, y ofrecen a los bancos una oportunidad \u00fanica de apoyar a las comunidades con ingresos bajos y moderados.<\/p>\n<\/div>\n\n\n\n<div class=\"wp-block-column is-vertically-aligned-center is-layout-flow wp-block-column-is-layout-flow\" style=\"flex-basis:33.3%\">\n<figure class=\"wp-block-image size-large\"><img loading=\"lazy\" decoding=\"async\" width=\"602\" height=\"484\" src=\"https:\/\/www.cicchicago.com\/wp-content\/uploads\/2020\/06\/cic_invest.png\" alt=\"Invierta en\" class=\"wp-image-914\" srcset=\"https:\/\/www.cicchicago.com\/wp-content\/uploads\/2020\/06\/cic_invest.png 602w, https:\/\/www.cicchicago.com\/wp-content\/uploads\/2020\/06\/cic_invest-300x241.png 300w\" sizes=\"auto, (max-width: 602px) 100vw, 602px\" \/><\/figure>\n<\/div>\n<\/div>\n<\/div><\/div>\n\n\n\n<div class=\"wp-block-group has-jungle-background-color has-background\"><div class=\"wp-block-group__inner-container is-layout-flow wp-block-group-is-layout-flow\">\n<h4 class=\"wp-block-heading\" id=\"why-invest-in-cic\"><strong>Por qu\u00e9 invertir en CIC<\/strong><\/h4>\n\n\n\n<p class=\"has-larger-font-size\">CIC es el mayor prestamista de viviendas multifamiliares de alquiler en barrios de Chicago con ingresos bajos y moderados. Los pr\u00e9stamos de CIC son m\u00e1s rentables que los de otros prestamistas y han proporcionado 35 a\u00f1os de rendimientos positivos a los inversores.<\/p>\n\n\n\n<div style=\"height:100px\" aria-hidden=\"true\" class=\"wp-block-spacer\"><\/div>\n\n\n\n<p class=\"has-large-font-size\">En conjunto, los pr\u00e9stamos multifamiliares de CIC han superado con creces a los de otros prestamistas.<br><span style=\"opacity:.75;\">Porcentaje global de peque\u00f1as hipotecas multifamiliares con una ejecuci\u00f3n hipotecaria (2005 a 2017)<\/span><\/p>\n\n\n\n<div style=\"height:20px\" aria-hidden=\"true\" class=\"wp-block-spacer\"><\/div>\n\n\n\n<div class=\"wp-block-columns is-layout-flex wp-container-core-columns-is-layout-9d6595d7 wp-block-columns-is-layout-flex\">\n<div class=\"wp-block-column is-layout-flow wp-block-column-is-layout-flow\">\n<figure class=\"wp-block-image size-large\"><img loading=\"lazy\" decoding=\"async\" width=\"1024\" height=\"608\" src=\"https:\/\/www.cicchicago.com\/wp-content\/uploads\/2020\/05\/cic-vs-other-lenders-1024x608.png\" alt=\"\" class=\"wp-image-455\" srcset=\"https:\/\/www.cicchicago.com\/wp-content\/uploads\/2020\/05\/cic-vs-other-lenders-1024x608.png 1024w, https:\/\/www.cicchicago.com\/wp-content\/uploads\/2020\/05\/cic-vs-other-lenders-300x178.png 300w, https:\/\/www.cicchicago.com\/wp-content\/uploads\/2020\/05\/cic-vs-other-lenders-768x456.png 768w, https:\/\/www.cicchicago.com\/wp-content\/uploads\/2020\/05\/cic-vs-other-lenders.png 1200w\" sizes=\"auto, (max-width: 1024px) 100vw, 1024px\" \/><figcaption class=\"wp-element-caption\"><br>*Instituto DePaul de Estudios de la Vivienda. Informe sobre la actividad y los resultados de los pr\u00e9stamos CIC en los mercados CIC.<\/figcaption><\/figure>\n<\/div>\n\n\n\n<div class=\"wp-block-column is-layout-flow wp-block-column-is-layout-flow\">    <div id=\"stat-bottom-border-block-block_f33558116ddf8a54708a5fcaad53bb17\" class=\"stat-bottom-border-block alignfull\">\n        <div class=\"large count-up\" data-id=\"1118700789\">35 a\u00f1os<\/div>        <div class=\"small\">rendimientos positivos para los inversores<\/div>    <\/div>\n\n\n    <div id=\"stat-bottom-border-block-block_e555231acc139afce701662117a4d6c8\" class=\"stat-bottom-border-block alignfull\">\n        <div class=\"large count-up\" data-id=\"1968257895\">$1.700 millones <\/div>        <div class=\"small\">financiado<\/div>    <\/div>\n<\/div>\n<\/div>\n\n\n\n<hr class=\"wp-block-separator has-css-opacity is-style-large-space\"\/>\n\n\n\n<div class=\"wp-block-columns is-style-rules is-layout-flex wp-container-core-columns-is-layout-9d6595d7 wp-block-columns-is-layout-flex\">\n<div class=\"wp-block-column is-layout-flow wp-block-column-is-layout-flow\">\n<figure class=\"wp-block-image size-large\"><img loading=\"lazy\" decoding=\"async\" width=\"450\" height=\"288\" src=\"https:\/\/www.cicchicago.com\/wp-content\/uploads\/2020\/05\/experienced.png\" alt=\"\" class=\"wp-image-449\" srcset=\"https:\/\/www.cicchicago.com\/wp-content\/uploads\/2020\/05\/experienced.png 450w, https:\/\/www.cicchicago.com\/wp-content\/uploads\/2020\/05\/experienced-300x192.png 300w\" sizes=\"auto, (max-width: 450px) 100vw, 450px\" \/><\/figure>\n\n\n\n<h5 class=\"wp-block-heading\" id=\"experienced\">Con experiencia&nbsp;<\/h5>\n\n\n\n<p>El personal, la junta directiva y los miembros del comit\u00e9 de pr\u00e9stamos de CIC cuentan con d\u00e9cadas de experiencia en pr\u00e9stamos y desarrollo comunitario.<\/p>\n<\/div>\n\n\n\n<div class=\"wp-block-column is-layout-flow wp-block-column-is-layout-flow\">\n<figure class=\"wp-block-image size-large\"><img loading=\"lazy\" decoding=\"async\" width=\"450\" height=\"288\" src=\"https:\/\/www.cicchicago.com\/wp-content\/uploads\/2020\/05\/prudent.png\" alt=\"\" class=\"wp-image-450\" srcset=\"https:\/\/www.cicchicago.com\/wp-content\/uploads\/2020\/05\/prudent.png 450w, https:\/\/www.cicchicago.com\/wp-content\/uploads\/2020\/05\/prudent-300x192.png 300w\" sizes=\"auto, (max-width: 450px) 100vw, 450px\" \/><\/figure>\n\n\n\n<h5 class=\"wp-block-heading\" id=\"prudent-cautious-conservative\">Prudente, Cauteloso, Conservador<\/h5>\n\n\n\n<p>Los agentes de cr\u00e9dito cualificados suscriben cuidadosamente las propuestas de pr\u00e9stamo para garantizar un buen rendimiento y bajas tasas de impago. Los comit\u00e9s de pr\u00e9stamos revisan y aprueban las propuestas y garantizan el cumplimiento de las pol\u00edticas de pr\u00e9stamo de CIC.<\/p>\n<\/div>\n\n\n\n<div class=\"wp-block-column is-layout-flow wp-block-column-is-layout-flow\">\n<figure class=\"wp-block-image size-large\"><img loading=\"lazy\" decoding=\"async\" width=\"450\" height=\"288\" src=\"https:\/\/www.cicchicago.com\/wp-content\/uploads\/2020\/05\/relationships.png\" alt=\"\" class=\"wp-image-451\" srcset=\"https:\/\/www.cicchicago.com\/wp-content\/uploads\/2020\/05\/relationships.png 450w, https:\/\/www.cicchicago.com\/wp-content\/uploads\/2020\/05\/relationships-300x192.png 300w\" sizes=\"auto, (max-width: 450px) 100vw, 450px\" \/><\/figure>\n\n\n\n<h5 class=\"wp-block-heading\" id=\"strong-relationships\">Relaciones s\u00f3lidas<\/h5>\n\n\n\n<p>Las s\u00f3lidas relaciones con instituciones gubernamentales, acad\u00e9micas y filantr\u00f3picas, as\u00ed como con el sector privado, ampl\u00edan el alcance del CIC, maximizan los resultados y conducen a programas receptivos e innovadores.<\/p>\n<\/div>\n\n\n\n<div class=\"wp-block-column is-layout-flow wp-block-column-is-layout-flow\">\n<figure class=\"wp-block-image size-large\"><img loading=\"lazy\" decoding=\"async\" width=\"450\" height=\"288\" src=\"https:\/\/www.cicchicago.com\/wp-content\/uploads\/2020\/05\/returns.png\" alt=\"\" class=\"wp-image-452\" srcset=\"https:\/\/www.cicchicago.com\/wp-content\/uploads\/2020\/05\/returns.png 450w, https:\/\/www.cicchicago.com\/wp-content\/uploads\/2020\/05\/returns-300x192.png 300w\" sizes=\"auto, (max-width: 450px) 100vw, 450px\" \/><\/figure>\n\n\n\n<h5 class=\"wp-block-heading\" id=\"solid-returns\">Rendimientos s\u00f3lidos<\/h5>\n\n\n\n<p>CIC ofrece sistem\u00e1ticamente un impacto social -rehabilitaci\u00f3n y conservaci\u00f3n de viviendas de alquiler asequible y desarrollo comunitario-, as\u00ed como rentabilidad econ\u00f3mica a los inversores.<\/p>\n<\/div>\n\n\n\n<div class=\"wp-block-column is-layout-flow wp-block-column-is-layout-flow\">\n<figure class=\"wp-block-image size-large\"><img loading=\"lazy\" decoding=\"async\" width=\"450\" height=\"288\" src=\"https:\/\/www.cicchicago.com\/wp-content\/uploads\/2020\/05\/comprehensive.png\" alt=\"\" class=\"wp-image-453\" srcset=\"https:\/\/www.cicchicago.com\/wp-content\/uploads\/2020\/05\/comprehensive.png 450w, https:\/\/www.cicchicago.com\/wp-content\/uploads\/2020\/05\/comprehensive-300x192.png 300w\" sizes=\"auto, (max-width: 450px) 100vw, 450px\" \/><\/figure>\n\n\n\n<h5 class=\"wp-block-heading\" id=\"comprehensive-approach\">Enfoque global<\/h5>\n\n\n\n<p>M\u00e1s all\u00e1 de las transacciones financieras, CIC asiste a los prestatarios a lo largo de todo el proceso de pr\u00e9stamo y proporciona informaci\u00f3n y recursos para reforzar la gesti\u00f3n de los inmuebles. Los programas complementarios de CIC -compra y venta de propiedades en dificultades y aplicaci\u00f3n de c\u00f3digos en edificios con problemas- crean un entorno que favorece el \u00e9xito a largo plazo de las inversiones de CIC.<\/p>\n<\/div>\n<\/div>\n<\/div><\/div>\n\n\n\n<div class=\"wp-block-group has-yellow-background-color has-background\"><div class=\"wp-block-group__inner-container is-layout-flow wp-block-group-is-layout-flow\">\n<h4 class=\"wp-block-heading\">Invertir en CIC<\/h4>\n\n\n\n<div class=\"wp-block-columns is-layout-flex wp-container-core-columns-is-layout-9d6595d7 wp-block-columns-is-layout-flex\">\n<div class=\"wp-block-column is-layout-flow wp-block-column-is-layout-flow\" style=\"flex-basis:55%\">\n<p class=\"has-larger-font-size\"><a href=\"mailto:anne.cole@cicchicago.com\">P\u00f3ngase en contacto con nosotros<\/a> para saber m\u00e1s sobre c\u00f3mo invertir en CIC.<\/p>\n<\/div>\n\n\n\n<div class=\"wp-block-column is-layout-flow wp-block-column-is-layout-flow\">\n<div class=\"wp-block-buttons is-style-centered is-layout-flex wp-block-buttons-is-layout-flex\">\n<div class=\"wp-block-button\"><a class=\"wp-block-button__link\" href=\"mailto:anne.cole@cicchicago.com\">Correo electr\u00f3nico<\/a><\/div>\n\n\n\n<div class=\"wp-block-button\"><a class=\"wp-block-button__link\" href=\"tel:312-258-0070\">Llame a<\/a><\/div>\n<\/div>\n<\/div>\n<\/div>\n<\/div><\/div>\n\n\n\n<div class=\"wp-block-group has-teal-background-color has-background\"><div class=\"wp-block-group__inner-container is-layout-flow wp-block-group-is-layout-flow\">\n<h4 class=\"wp-block-heading\" id=\"materials\"><strong>Documentos e informes<\/strong><\/h4>\n\n\n\n<div class=\"wp-block-columns is-layout-flex wp-container-core-columns-is-layout-9d6595d7 wp-block-columns-is-layout-flex\">\n<div class=\"wp-block-column is-layout-flow wp-block-column-is-layout-flow\">\n<h5 class=\"wp-block-heading\" id=\"financials-and-reports\">Finanzas e informes<\/h5>\n\n\n\n<p>CIC publica anualmente un Informe de Rendimiento y Revisi\u00f3n del Cr\u00e9dito, as\u00ed como estados financieros anuales auditados.<\/p>\n\n\n\n<ul id=\"documents\" class=\"wp-block-list\">\n<li><a href=\"https:\/\/www.cicchicago.com\/wp-content\/uploads\/2026\/02\/FY25-Audited-Financials.pdf\" title=\"\">Estados financieros auditados del ejercicio fiscal 2025<\/a><\/li>\n\n\n\n<li><\/li>\n\n\n\n<li>Informes anuales de revisi\u00f3n de rendimiento y cr\u00e9dito (PCR) de CIC<br><a href=\"https:\/\/www.cicchicago.com\/wp-content\/uploads\/2026\/02\/PCR-2025-v2.pdf\" title=\"2025\">2025<\/a> <a href=\"https:\/\/www.cicchicago.com\/wp-content\/uploads\/2025\/03\/FY2024-CIC-Performance-and-Credit-Review-Report-finalrev-3.18.25.pdf\" title=\"2024\">2024<\/a> <a href=\"https:\/\/pcr.cicchicago.com\/wp-content\/uploads\/2024\/01\/CIC-Performance-and-Credit-Review_1.22.24_final-for-print.pdf\" title=\"\">2023<\/a> <\/li>\n<\/ul>\n\n\n\n<p><\/p>\n<\/div>\n\n\n\n<div class=\"wp-block-column is-layout-flow wp-block-column-is-layout-flow\">\n<h5 class=\"wp-block-heading\" id=\"term-sheets\">Fichas de plazos<\/h5>\n\n\n\n<p>M\u00e1s informaci\u00f3n sobre la estructura y el impacto de invertir en CIC.<\/p>\n\n\n\n<ul class=\"wp-block-list\">\n<li><a href=\"https:\/\/www.cicchicago.com\/wp-content\/uploads\/2020\/07\/Real-Returns-Real-Impact-CIC-Brochure.pdf\" target=\"_blank\" rel=\"noreferrer noopener\">Folleto para inversores - Rentabilidad real, impacto real<\/a><\/li>\n\n\n\n<li><a href=\"https:\/\/www.cicchicago.com\/wp-content\/uploads\/2024\/08\/CIC-Institutional-Investment-Opp-2024.pdf\" title=\"\">Oportunidades de inversi\u00f3n institucional<\/a><\/li>\n\n\n\n<li><a href=\"https:\/\/www.cicchicago.com\/wp-content\/uploads\/2024\/08\/CIC-Multifamily-Summary-Term-Sheet-2024.pdf\" target=\"_blank\" rel=\"noopener\" title=\"\">Resumen de la cartera de pr\u00e9stamos multifamiliares<br>Hoja de t\u00e9rminos<\/a><\/li>\n<\/ul>\n\n\n\n<p><\/p>\n<\/div>\n\n\n\n<div class=\"wp-block-column is-layout-flow wp-block-column-is-layout-flow\">\n<h5 class=\"wp-block-heading\" id=\"leadership-and-planning\">Liderazgo y planificaci\u00f3n<\/h5>\n\n\n\n<p>Documentos relacionados con la gobernanza y la planificaci\u00f3n estrat\u00e9gica del CIC.<\/p>\n\n\n\n<ul class=\"wp-block-list\">\n<li><a href=\"https:\/\/www.cicchicago.com\/wp-content\/uploads\/2024\/05\/CIC-Board-of-Directors-and-Committees-FY2023.pdf\" title=\"\">Consejo de Administraci\u00f3n y Comit\u00e9s de Pr\u00e9stamos<\/a><\/li>\n\n\n\n<li><a href=\"https:\/\/www.cicchicago.com\/wp-content\/uploads\/2023\/02\/CIC-Strategic-Plan-1-Pager-12.14.22.pdf\" target=\"_blank\" rel=\"noreferrer noopener\">Plan Estrat\u00e9gico<\/a><\/li>\n<\/ul>\n<\/div>\n<\/div>\n\n\n\n<p><\/p>\n<\/div><\/div>\n\n\n\n<p><\/p>","protected":false},"excerpt":{"rendered":"<p>CIC\u2019s success is directly related to the investments of Chicago area institutions, who have made long-term commitments to CIC loan programs. Investor Relations Real Return. Real Impact. At the core of CIC\u2019s sustained success over the past 50 years are the partnerships with financial institutions, government, and philanthropic institutions. Beginning with $17.5 million in commitments [&#8230;] <a class=\"read_more\" href=\"https:\/\/www.cicchicago.com\/es\/relaciones-con-los-inversores\/\">Read More<\/a><\/p>\n","protected":false},"author":1,"featured_media":0,"parent":0,"menu_order":0,"comment_status":"closed","ping_status":"closed","template":"","meta":{"_acf_changed":false,"om_disable_all_campaigns":false,"_monsterinsights_skip_tracking":false,"_monsterinsights_sitenote_active":false,"_monsterinsights_sitenote_note":"","_monsterinsights_sitenote_category":0,"_uf_show_specific_survey":0,"_uf_disable_surveys":false,"footnotes":""},"class_list":["post-19","page","type-page","status-publish","hentry","entry"],"acf":[],"aioseo_notices":[],"_links":{"self":[{"href":"https:\/\/www.cicchicago.com\/es\/wp-json\/wp\/v2\/pages\/19","targetHints":{"allow":["GET"]}}],"collection":[{"href":"https:\/\/www.cicchicago.com\/es\/wp-json\/wp\/v2\/pages"}],"about":[{"href":"https:\/\/www.cicchicago.com\/es\/wp-json\/wp\/v2\/types\/page"}],"author":[{"embeddable":true,"href":"https:\/\/www.cicchicago.com\/es\/wp-json\/wp\/v2\/users\/1"}],"replies":[{"embeddable":true,"href":"https:\/\/www.cicchicago.com\/es\/wp-json\/wp\/v2\/comments?post=19"}],"version-history":[{"count":83,"href":"https:\/\/www.cicchicago.com\/es\/wp-json\/wp\/v2\/pages\/19\/revisions"}],"predecessor-version":[{"id":4380,"href":"https:\/\/www.cicchicago.com\/es\/wp-json\/wp\/v2\/pages\/19\/revisions\/4380"}],"wp:attachment":[{"href":"https:\/\/www.cicchicago.com\/es\/wp-json\/wp\/v2\/media?parent=19"}],"curies":[{"name":"wp","href":"https:\/\/api.w.org\/{rel}","templated":true}]}}