{"id":1907,"date":"2021-09-17T14:52:00","date_gmt":"2021-09-17T14:52:00","guid":{"rendered":"https:\/\/www.cicchicago.com\/?page_id=1907"},"modified":"2021-12-20T16:12:34","modified_gmt":"2021-12-20T16:12:34","slug":"abierto-a-los-negocios","status":"publish","type":"page","link":"https:\/\/www.cicchicago.com\/es\/abierto-a-los-negocios\/","title":{"rendered":"Wells Fargo abre sus puertas"},"content":{"rendered":"<div class=\"wp-block-group has-white-background-color has-background\"><div class=\"wp-block-group__inner-container is-layout-flow wp-block-group-is-layout-flow\">\n<h2 class=\"wp-block-heading\">Wells Fargo abre sus puertas <\/h2>\n\n\n\n<h2 class=\"wp-block-heading\">Ayudas a la vivienda<\/h2>\n\n\n\n<div class=\"wp-block-columns is-layout-flex wp-container-core-columns-is-layout-9d6595d7 wp-block-columns-is-layout-flex\">\n<div class=\"wp-block-column is-layout-flow wp-block-column-is-layout-flow\" style=\"flex-basis:66.66%\">\n<p class=\"has-huge-font-size\">CIC est\u00e1 aqu\u00ed para ayudar. Se conceden subvenciones \u00fanicas a los propietarios de peque\u00f1os edificios de alquiler que atraviesan dificultades financieras como consecuencia de la pandemia de COVID-19<\/p>\n<\/div>\n\n\n\n<div class=\"wp-block-column is-vertically-aligned-center is-layout-flow wp-block-column-is-layout-flow\" style=\"flex-basis:33.33%\"><\/div>\n<\/div>\n\n\n\n<figure class=\"wp-block-image size-large is-resized is-style-default\"><img decoding=\"async\" src=\"https:\/\/www.cicchicago.com\/wp-content\/uploads\/2021\/09\/paperwork-edited.png\" alt=\"\" class=\"wp-image-2002\" width=\"1104\" srcset=\"https:\/\/www.cicchicago.com\/wp-content\/uploads\/2021\/09\/paperwork-edited.png 627w, https:\/\/www.cicchicago.com\/wp-content\/uploads\/2021\/09\/paperwork-edited-300x251.png 300w\" sizes=\"(max-width: 627px) 100vw, 627px\" \/><\/figure>\n<\/div><\/div>\n\n\n\n<p><em>Nota: A partir del 20 de diciembre de 2021, este programa ya no admite solicitudes.<\/em><\/p>\n\n\n\n<p class=\"is-style-default\">Gracias por su inter\u00e9s en el Programa de Subvenciones de Ayuda a la Vivienda Wells Fargo Open for Business.<\/p>\n\n\n\n<p>A continuaci\u00f3n encontrar\u00e1 informaci\u00f3n sobre el programa, criterios de admisibilidad y documentos de solicitud. Si tiene alguna pregunta, p\u00f3ngase en contacto con grants@cicchicago.com.<\/p>\n\n\n\n<div class=\"wp-block-buttons is-content-justification-center is-style-centered is-layout-flex wp-block-buttons-is-layout-flex\">\n<div class=\"wp-block-button\"><a class=\"wp-block-button__link\" href=\"https:\/\/www.youtube.com\/watch?v=PD1nDFXMaMg\"> Ver el v\u00eddeo de instrucciones de la aplicaci\u00f3n<\/a><\/div>\n\n\n\n<div class=\"wp-block-button\"><a class=\"wp-block-button__link\" href=\"https:\/\/www.cicchicago.com\/wp-content\/uploads\/2021\/09\/WF-CIC-Open-for-Business-Flyer-v.2.pdf\">descargar el folleto del programa<\/a><\/div>\n<\/div>\n\n\n\n<div class=\"wp-block-group\"><div class=\"wp-block-group__inner-container is-layout-flow wp-block-group-is-layout-flow\">\n<div class=\"wp-block-columns is-layout-flex wp-container-core-columns-is-layout-9d6595d7 wp-block-columns-is-layout-flex\">\n<div class=\"wp-block-column is-layout-flow wp-block-column-is-layout-flow\" style=\"flex-basis:100%\">\n<div class=\"wp-block-pb-accordion-item c-accordion__item js-accordion-item no-js\" data-initially-open=\"false\" data-click-to-close=\"true\" data-auto-close=\"true\" data-scroll=\"false\" data-scroll-offset=\"0\"><h1 id=\"at-19070\" class=\"c-accordion__title js-accordion-controller\" role=\"button\">Descargar material de solicitud<\/h1><div id=\"ac-19070\" class=\"c-accordion__content\">\n<p><span><span class=\"has-inline-color has-teal-color\" style=\"\"><i>Env\u00ede la solicitud cumplimentada y toda la documentaci\u00f3n complementaria a <a rel=\"noreferrer noopener\" href=\"mailto:grants@cicchicago.com\" target=\"_blank\">grants@cicchicago.com<\/a> <\/i><\/span><\/span><\/p>\n\n\n\n<ul class=\"wp-block-list\"><li><a href=\"https:\/\/www.cicchicago.com\/wp-content\/uploads\/2021\/09\/Application-for-Funds-Phase-2-9.22.21.pdf\">Solicitud de fondos<\/a><\/li><li><a href=\"https:\/\/www.cicchicago.com\/wp-content\/uploads\/2021\/09\/Schedule-D.pdf\">Programa D<\/a><\/li><li><a href=\"https:\/\/www.cicchicago.com\/wp-content\/uploads\/2021\/09\/Trailing-Rent-Roll-Mar2020-Jun2021-FILLABLE.xlsx\">Rollo de alquiler de arrastre<\/a><\/li><li><a href=\"https:\/\/www.cicchicago.com\/wp-content\/uploads\/2021\/10\/2021_Rent_Limits.pdf\">Cuadro de alquileres 2021<\/a><\/li><\/ul>\n\n\n\n<p><\/p>\n<\/div><\/div>\n<\/div>\n<\/div>\n<\/div><\/div>\n\n\n\n<p class=\"is-style-default\"><span class=\"has-inline-color has-teal-color\"><strong>Socio del programa<\/strong><\/span><\/p>\n\n\n\n<p class=\"is-style-default\">Este programa de subvenciones es posible gracias a la financiaci\u00f3n del Wells Fargo Open for Business Fund, una iniciativa nacional de recuperaci\u00f3n de peque\u00f1as empresas creada para ayudar a los empresarios a permanecer abiertos, mantener los puestos de trabajo y crecer. M\u00e1s informaci\u00f3n sobre las inversiones Open for Business de Wells Fargo en Chicago <a href=\"https:\/\/www.cicchicago.com\/wp-content\/uploads\/2021\/09\/OFBF_CHI_Release_090221_FINAL.pdf\">aqu\u00ed.<\/a><\/p>\n\n\n\n<figure class=\"wp-block-gallery columns-2 wp-block-gallery-1 is-layout-flex wp-block-gallery-is-layout-flex\"><ul class=\"blocks-gallery-grid\"><li class=\"blocks-gallery-item\"><figure><img loading=\"lazy\" decoding=\"async\" width=\"278\" height=\"300\" src=\"https:\/\/www.cicchicago.com\/wp-content\/uploads\/2021\/09\/2020-WF_thrd-prty_box_cmyk_DigitalPrint_red_F1-278x300.jpg\" alt=\"\" data-id=\"1999\" data-full-url=\"https:\/\/www.cicchicago.com\/wp-content\/uploads\/2021\/09\/2020-WF_thrd-prty_box_cmyk_DigitalPrint_red_F1.jpg\" data-link=\"https:\/\/www.cicchicago.com\/?attachment_id=1999\" class=\"wp-image-1999\" srcset=\"https:\/\/www.cicchicago.com\/wp-content\/uploads\/2021\/09\/2020-WF_thrd-prty_box_cmyk_DigitalPrint_red_F1-278x300.jpg 278w, https:\/\/www.cicchicago.com\/wp-content\/uploads\/2021\/09\/2020-WF_thrd-prty_box_cmyk_DigitalPrint_red_F1-950x1024.jpg 950w, https:\/\/www.cicchicago.com\/wp-content\/uploads\/2021\/09\/2020-WF_thrd-prty_box_cmyk_DigitalPrint_red_F1-768x828.jpg 768w, https:\/\/www.cicchicago.com\/wp-content\/uploads\/2021\/09\/2020-WF_thrd-prty_box_cmyk_DigitalPrint_red_F1.jpg 974w\" sizes=\"auto, (max-width: 278px) 100vw, 278px\" \/><\/figure><\/li><li class=\"blocks-gallery-item\"><figure><img loading=\"lazy\" decoding=\"async\" width=\"300\" height=\"199\" src=\"https:\/\/www.cicchicago.com\/wp-content\/uploads\/2021\/07\/MainGreen_web-300x199.jpg\" alt=\"\" data-id=\"1928\" data-full-url=\"https:\/\/www.cicchicago.com\/wp-content\/uploads\/2021\/07\/MainGreen_web.jpg\" data-link=\"https:\/\/www.cicchicago.com\/?attachment_id=1928\" class=\"wp-image-1928\" srcset=\"https:\/\/www.cicchicago.com\/wp-content\/uploads\/2021\/07\/MainGreen_web-300x199.jpg 300w, https:\/\/www.cicchicago.com\/wp-content\/uploads\/2021\/07\/MainGreen_web-768x509.jpg 768w, https:\/\/www.cicchicago.com\/wp-content\/uploads\/2021\/07\/MainGreen_web.jpg 800w\" sizes=\"auto, (max-width: 300px) 100vw, 300px\" \/><\/figure><\/li><\/ul><\/figure>\n\n\n\n<p><\/p>","protected":false},"excerpt":{"rendered":"<p>Wells Fargo Open for Business Housing Assistance Grants CIC is here to help. One-time grants are available to small rental building owners experiencing financial hardship as a result of the COVID-19 pandemic Please note: As of December 20, 2021, this program is now closed for applications. Thank you for your interest in the Wells Fargo [&#8230;] <a class=\"read_more\" href=\"https:\/\/www.cicchicago.com\/es\/abierto-a-los-negocios\/\">Read More<\/a><\/p>\n","protected":false},"author":5,"featured_media":0,"parent":0,"menu_order":0,"comment_status":"closed","ping_status":"closed","template":"","meta":{"_acf_changed":false,"om_disable_all_campaigns":false,"_monsterinsights_skip_tracking":false,"_monsterinsights_sitenote_active":false,"_monsterinsights_sitenote_note":"","_monsterinsights_sitenote_category":0,"_uf_show_specific_survey":0,"_uf_disable_surveys":false,"footnotes":""},"class_list":["post-1907","page","type-page","status-publish","hentry","entry"],"acf":[],"aioseo_notices":[],"_links":{"self":[{"href":"https:\/\/www.cicchicago.com\/es\/wp-json\/wp\/v2\/pages\/1907","targetHints":{"allow":["GET"]}}],"collection":[{"href":"https:\/\/www.cicchicago.com\/es\/wp-json\/wp\/v2\/pages"}],"about":[{"href":"https:\/\/www.cicchicago.com\/es\/wp-json\/wp\/v2\/types\/page"}],"author":[{"embeddable":true,"href":"https:\/\/www.cicchicago.com\/es\/wp-json\/wp\/v2\/users\/5"}],"replies":[{"embeddable":true,"href":"https:\/\/www.cicchicago.com\/es\/wp-json\/wp\/v2\/comments?post=1907"}],"version-history":[{"count":47,"href":"https:\/\/www.cicchicago.com\/es\/wp-json\/wp\/v2\/pages\/1907\/revisions"}],"predecessor-version":[{"id":2171,"href":"https:\/\/www.cicchicago.com\/es\/wp-json\/wp\/v2\/pages\/1907\/revisions\/2171"}],"wp:attachment":[{"href":"https:\/\/www.cicchicago.com\/es\/wp-json\/wp\/v2\/media?parent=1907"}],"curies":[{"name":"wp","href":"https:\/\/api.w.org\/{rel}","templated":true}]}}