{"id":27,"date":"2020-05-20T17:31:59","date_gmt":"2020-05-20T17:31:59","guid":{"rendered":"https:\/\/www.cicchicago.com\/?page_id=27"},"modified":"2026-03-11T20:02:40","modified_gmt":"2026-03-11T20:02:40","slug":"carreras","status":"publish","type":"page","link":"https:\/\/www.cicchicago.com\/es\/carreras\/","title":{"rendered":"Carreras profesionales"},"content":{"rendered":"<div class=\"wp-block-group has-light-blue-gradient-boomerang-background-color has-background\"><div class=\"wp-block-group__inner-container is-layout-flow wp-block-group-is-layout-flow\">    <div id=\"crumb-block_49e88142c444d7415ff623166e6dd4bb\" class=\"crumb\">\n        Oportunidades \/ Carrera profesional    <\/div>\n\n\n\n<p class=\"is-style-narrow-7 has-huge-font-size\">Cuando trabajas en CIC, te unes a un equipo de personas apasionadas por hacer de la regi\u00f3n de Chicago un gran lugar para vivir.<\/p>\n\n\n\n<figure class=\"wp-block-image size-large is-style-default\"><img loading=\"lazy\" decoding=\"async\" width=\"1024\" height=\"683\" src=\"https:\/\/www.cicchicago.com\/wp-content\/uploads\/2021\/07\/staff-candid-1024x683.jpg\" alt=\"\" class=\"wp-image-1897\" srcset=\"https:\/\/www.cicchicago.com\/wp-content\/uploads\/2021\/07\/staff-candid-1024x683.jpg 1024w, https:\/\/www.cicchicago.com\/wp-content\/uploads\/2021\/07\/staff-candid-300x200.jpg 300w, https:\/\/www.cicchicago.com\/wp-content\/uploads\/2021\/07\/staff-candid-768x512.jpg 768w, https:\/\/www.cicchicago.com\/wp-content\/uploads\/2021\/07\/staff-candid-1536x1024.jpg 1536w, https:\/\/www.cicchicago.com\/wp-content\/uploads\/2021\/07\/staff-candid.jpg 2048w\" sizes=\"auto, (max-width: 1024px) 100vw, 1024px\" \/><\/figure>\n\n\n\n<div style=\"height:100px\" aria-hidden=\"true\" class=\"wp-block-spacer\"><\/div>\n\n\n\n<h4 class=\"wp-block-heading\" id=\"current-openings\">Puestos vacantes<\/h4>\n\n\n<article id=\"careers-block-block_c8b365fe1c97e961bd29ead7e7de5aad\" class=\"careers-block\">\n    <p class=\"has-larger-font-size is-style-narrow-7\">\n        \u00bfLe interesa unirse a nuestro equipo? Consulte los puestos vacantes a continuaci\u00f3n.    <\/p>\n        <div><div>\n                    <section id=\"career-senior-loan-officer\">\n                <h5 class=\"career-title\">Agente de cr\u00e9dito<\/h5>\n                <p class=\"career-location\">Chicago, IL<\/p>                <div class=\"description career-body\"><p><strong>La empresa:<\/strong> Community Investment Corporation (CIC) es una corporaci\u00f3n sin \u00e1nimo de lucro que construye comunidades din\u00e1micas, fortalece las empresas locales y proporciona viviendas de calidad a las familias. Como l\u00edder en la conservaci\u00f3n de viviendas de alquiler asequible y capitalizada por inversiones de m\u00e1s de 40 instituciones financieras, CIC ha originado m\u00e1s de 2.830 pr\u00e9stamos por $1.800 millones para la adquisici\u00f3n y rehabilitaci\u00f3n de m\u00e1s de 69.370 unidades de viviendas de alquiler asequible en el \u00e1rea metropolitana de Chicago. CIC gestiona una cartera de pr\u00e9stamos de $300 millones y financia pr\u00e9stamos por valor de $55-$65 millones al a\u00f1o.<\/p>\n<p><strong>El puesto:<\/strong> La responsabilidad principal del Oficial Superior de Pr\u00e9stamos es originar pr\u00e9stamos utilizando los productos financieros de CIC, lo que incluye comercializar productos de pr\u00e9stamo, analizar y suscribir solicitudes de pr\u00e9stamo y desarrollar paquetes de pr\u00e9stamo para su presentaci\u00f3n al Comit\u00e9 de Pr\u00e9stamos de CIC y\/o a la Alta Direcci\u00f3n.<\/p>\n<p><strong>Reporta a<\/strong>: Vicepresidente s\u00e9nior, director general de Pr\u00e9stamos<\/p>\n<p><strong>Funciones y responsabilidades: <\/strong><br \/>\n\u2022 Gestionar las solicitudes desde su recepci\u00f3n hasta su suscripci\u00f3n y cierre, incluida la coordinaci\u00f3n con los departamentos de construcci\u00f3n y cierre.<br \/>\n\u2022 Hablar y hacer presentaciones a posibles clientes, incluyendo propietarios de edificios de apartamentos y propietarios de edificios.<br \/>\nasociaciones, agentes inmobiliarios e hipotecarios, abogados y contadores para iniciar solicitudes de pr\u00e9stamos.<br \/>\n\u2022 Evaluar las proyecciones inmobiliarias, la capacidad financiera, el historial crediticio y la capacidad de gesti\u00f3n de los solicitantes de pr\u00e9stamos.<br \/>\n\u2022 Preparar y presentar recomendaciones sobre pr\u00e9stamos al Comit\u00e9 de Pr\u00e9stamos y\/o a la Alta Direcci\u00f3n.<br \/>\n\u2022 Proporcionar asistencia t\u00e9cnica a los solicitantes, cuando sea necesario, y revisar informaci\u00f3n confidencial, incluyendo declaraciones de impuestos, estados financieros personales, propiedades inmobiliarias y negociaciones y transacciones inmobiliarias pendientes.<br \/>\n\u2022 Cumplir con los objetivos de producci\u00f3n de pr\u00e9stamos, desarrollo comercial, an\u00e1lisis crediticio, relaci\u00f3n con los clientes, trabajo en equipo y mejora continua.<br \/>\n\u2022 Desarrollar e implementar un plan estrat\u00e9gico que incluya la creaci\u00f3n y ejecuci\u00f3n de estrategias de desarrollo empresarial y participaci\u00f3n comunitaria alineadas con los objetivos de CIC.<br \/>\n\u2022 Fomentar las alianzas mediante el establecimiento y mantenimiento de relaciones con las partes interesadas clave, incluidos los empresarios, los l\u00edderes comunitarios y los particulares.<br \/>\n\u2022 Participar en las campa\u00f1as de comunicaci\u00f3n de divulgaci\u00f3n y apoyo a la comunidad asignadas para promover el CIC.<\/p>\n<p><strong>Habilidades y experiencia:<\/strong><br \/>\n\u2022 Licenciatura o maestr\u00eda en finanzas, bienes ra\u00edces, estudios urbanos o un campo relacionado.<br \/>\n\u2022 M\u00ednimo de 15 a\u00f1os de experiencia en pr\u00e9stamos inmobiliarios comerciales o experiencia relacionada.<br \/>\n\u2022 Capacidad para realizar evaluaciones cr\u00edticas de los criterios est\u00e1ndar de suscripci\u00f3n (an\u00e1lisis financiero, evaluaci\u00f3n de la gesti\u00f3n, riesgo colateral, etc.).<br \/>\n\u2022 Conocimiento de las finanzas inmobiliarias convencionales del sector privado. Se valorar\u00e1 el conocimiento de las finanzas inmobiliarias gubernamentales.<br \/>\n\u2022 Excelentes habilidades interpersonales, de presentaci\u00f3n y de comunicaci\u00f3n escrita y verbal.<br \/>\n\u2022 Capacidad para mantener relaciones activas con fuentes de referencia y otras partes interesadas clave.<br \/>\n\u2022 Familiaridad con las comunidades de Chicago; experiencia y comprensi\u00f3n de las iniciativas de desarrollo comunitario en comunidades de ingresos bajos\/moderados.<br \/>\n\u2022 Se valorar\u00e1 el dominio del espa\u00f1ol.<br \/>\nEl rango salarial es de $120k a $130k. Se incluye un paquete completo de prestaciones (seguro m\u00e9dico, dental, oftalmol\u00f3gico, de vida, 401(k), PTO, etc.).<\/p>\n<p>Para ser considerado para este puesto, env\u00ede su curr\u00edculum y carta de presentaci\u00f3n a:<br \/>\nKathleen.prock@cicchicago.com<\/p>\n<\/div>                <div class=\"buttons\">\n                    <div class=\"cic-button info\">Informaci\u00f3n<\/div>\n                <\/div>\n            <\/section>\n            <\/div><\/div>\n    <\/article><\/div><\/div>\n\n\n\n<figure class=\"wp-block-image size-large is-style-default\"><img loading=\"lazy\" decoding=\"async\" width=\"1024\" height=\"683\" src=\"https:\/\/www.cicchicago.com\/wp-content\/uploads\/2021\/07\/staff-candid-2-2-1024x683.jpg\" alt=\"\" class=\"wp-image-1901\" srcset=\"https:\/\/www.cicchicago.com\/wp-content\/uploads\/2021\/07\/staff-candid-2-2-1024x683.jpg 1024w, https:\/\/www.cicchicago.com\/wp-content\/uploads\/2021\/07\/staff-candid-2-2-300x200.jpg 300w, https:\/\/www.cicchicago.com\/wp-content\/uploads\/2021\/07\/staff-candid-2-2-768x512.jpg 768w, https:\/\/www.cicchicago.com\/wp-content\/uploads\/2021\/07\/staff-candid-2-2-1536x1024.jpg 1536w, https:\/\/www.cicchicago.com\/wp-content\/uploads\/2021\/07\/staff-candid-2-2-2048x1365.jpg 2048w\" sizes=\"auto, (max-width: 1024px) 100vw, 1024px\" \/><\/figure>\n\n\n\n<p><\/p>","protected":false},"excerpt":{"rendered":"<p>Cuando trabajas en CIC, te unes a un equipo de personas apasionadas por hacer de la regi\u00f3n de Chicago un gran lugar para vivir. Puestos vacantes<\/p>","protected":false},"author":1,"featured_media":0,"parent":0,"menu_order":0,"comment_status":"closed","ping_status":"closed","template":"","meta":{"_acf_changed":false,"om_disable_all_campaigns":false,"_monsterinsights_skip_tracking":false,"_monsterinsights_sitenote_active":false,"_monsterinsights_sitenote_note":"","_monsterinsights_sitenote_category":0,"_uf_show_specific_survey":0,"_uf_disable_surveys":false,"footnotes":""},"class_list":["post-27","page","type-page","status-publish","hentry","entry"],"acf":[],"aioseo_notices":[],"_links":{"self":[{"href":"https:\/\/www.cicchicago.com\/es\/wp-json\/wp\/v2\/pages\/27","targetHints":{"allow":["GET"]}}],"collection":[{"href":"https:\/\/www.cicchicago.com\/es\/wp-json\/wp\/v2\/pages"}],"about":[{"href":"https:\/\/www.cicchicago.com\/es\/wp-json\/wp\/v2\/types\/page"}],"author":[{"embeddable":true,"href":"https:\/\/www.cicchicago.com\/es\/wp-json\/wp\/v2\/users\/1"}],"replies":[{"embeddable":true,"href":"https:\/\/www.cicchicago.com\/es\/wp-json\/wp\/v2\/comments?post=27"}],"version-history":[{"count":73,"href":"https:\/\/www.cicchicago.com\/es\/wp-json\/wp\/v2\/pages\/27\/revisions"}],"predecessor-version":[{"id":4464,"href":"https:\/\/www.cicchicago.com\/es\/wp-json\/wp\/v2\/pages\/27\/revisions\/4464"}],"wp:attachment":[{"href":"https:\/\/www.cicchicago.com\/es\/wp-json\/wp\/v2\/media?parent=27"}],"curies":[{"name":"wp","href":"https:\/\/api.w.org\/{rel}","templated":true}]}}