{"id":3077,"date":"2023-08-29T18:40:36","date_gmt":"2023-08-29T18:40:36","guid":{"rendered":"https:\/\/www.cicchicago.com\/?page_id=3077"},"modified":"2023-08-29T18:42:58","modified_gmt":"2023-08-29T18:42:58","slug":"sro-conservacion","status":"publish","type":"page","link":"https:\/\/www.cicchicago.com\/es\/sro-conservacion\/","title":{"rendered":"Preservaci\u00f3n de las SRO"},"content":{"rendered":"<p>Se conceden pr\u00e9stamos y subvenciones\/becas de construccci\u00f3n para conservar los edificios de una habitaci\u00f3n (SRO) que ofrecen una habitaci\u00f3n asequible para los residentes m\u00e1s vulnerables de Chicago.<\/p>\n\n\n\n<p>CIC administra el Programa de Pr\u00e9stamos para la Preservaci\u00f3n de SROs autorizado en virtud de un<a href=\"https:\/\/www.chicago.gov\/city\/en\/depts\/doh\/provdrs\/developers\/svcs\/sro-preservation-initiative.html\">&nbsp;Ordenanza del Ayuntamiento de Chicago<\/a>&nbsp;aprobado en abril de 2022. Bajo este programa, CIC concede pr\u00e9stamos para la construcci\u00f3n a nuevos compradores o due\u00f1os de edificios de SROs. Ya que la construcci\u00f3n esta finalizada, se paga hasta $15,000 por habitaci\u00f3n con fondos de subvenciones\/becas de la ciudad de Chicago.<\/p>\n\n\n\n<div class=\"wp-block-pb-accordion-item c-accordion__item js-accordion-item no-js\" data-initially-open=\"false\" data-click-to-close=\"true\" data-auto-close=\"true\" data-scroll=\"false\" data-scroll-offset=\"0\"><h2 id=\"at-30770\" class=\"c-accordion__title js-accordion-controller\" role=\"button\">Condiciones del programa<\/h2><div id=\"ac-30770\" class=\"c-accordion__content\">\n<ul class=\"wp-block-list\"><li>Hasta $15,000 de subvenci\u00f3n\/beca por habitaci\u00f3n de SRO en proyectos elegible.<\/li><li>Los fondos de subvenci\u00f3n\/beca no superar\u00e1n el 50% de los costos totales de desarrollo<\/li><li>Los costos de adquisici\u00f3n dentro del a\u00f1o posterior al cierre pueden incluirse en el costo total de desarrollo<\/li><li>Apartamentos sujetas a restricciones de asequibilidad durante 15 a\u00f1os<\/li><li>Pueden aplicarse requisitos adicionales de elegibilidad y del programa<\/li><\/ul>\n<\/div><\/div>\n\n\n\n<p><\/p>","protected":false},"excerpt":{"rendered":"<p>Construction loans and grant assistance are provided to purchase and preserve housing for some of Chicago\u2019s most vulnerable residents, with a focus on Single-Room Occupancy (SRO) units that offer essential affordable housing. CIC administers the SRO Preservation Loan Program authorized under a&nbsp;Chicago City Council ordinance&nbsp;passed in April 2022. Under this program, CIC provides construction loans [&#8230;] <a class=\"read_more\" href=\"https:\/\/www.cicchicago.com\/es\/sro-conservacion\/\">Read More<\/a><\/p>\n","protected":false},"author":5,"featured_media":0,"parent":0,"menu_order":0,"comment_status":"closed","ping_status":"closed","template":"","meta":{"_acf_changed":false,"om_disable_all_campaigns":false,"_monsterinsights_skip_tracking":false,"_monsterinsights_sitenote_active":false,"_monsterinsights_sitenote_note":"","_monsterinsights_sitenote_category":0,"_uf_show_specific_survey":0,"_uf_disable_surveys":false,"footnotes":""},"class_list":["post-3077","page","type-page","status-publish","hentry","entry"],"acf":[],"aioseo_notices":[],"_links":{"self":[{"href":"https:\/\/www.cicchicago.com\/es\/wp-json\/wp\/v2\/pages\/3077","targetHints":{"allow":["GET"]}}],"collection":[{"href":"https:\/\/www.cicchicago.com\/es\/wp-json\/wp\/v2\/pages"}],"about":[{"href":"https:\/\/www.cicchicago.com\/es\/wp-json\/wp\/v2\/types\/page"}],"author":[{"embeddable":true,"href":"https:\/\/www.cicchicago.com\/es\/wp-json\/wp\/v2\/users\/5"}],"replies":[{"embeddable":true,"href":"https:\/\/www.cicchicago.com\/es\/wp-json\/wp\/v2\/comments?post=3077"}],"version-history":[{"count":3,"href":"https:\/\/www.cicchicago.com\/es\/wp-json\/wp\/v2\/pages\/3077\/revisions"}],"predecessor-version":[{"id":3083,"href":"https:\/\/www.cicchicago.com\/es\/wp-json\/wp\/v2\/pages\/3077\/revisions\/3083"}],"wp:attachment":[{"href":"https:\/\/www.cicchicago.com\/es\/wp-json\/wp\/v2\/media?parent=3077"}],"curies":[{"name":"wp","href":"https:\/\/api.w.org\/{rel}","templated":true}]}}