{"id":375,"date":"2020-05-27T06:16:26","date_gmt":"2020-05-27T06:16:26","guid":{"rendered":"https:\/\/www.cicchicago.com\/?page_id=375"},"modified":"2020-08-17T18:57:30","modified_gmt":"2020-08-17T18:57:30","slug":"ahorradores-de-energia","status":"publish","type":"page","link":"https:\/\/www.cicchicago.com\/es\/programas\/ahorradores-de-energia\/","title":{"rendered":"Ahorradores de energ\u00eda"},"content":{"rendered":"<div class=\"wp-block-group has-light-green-boomerang-background-color has-background\"><div class=\"wp-block-group__inner-container is-layout-flow wp-block-group-is-layout-flow\">    <div id=\"crumb-block_5ef66aa1bdce3\" class=\"crumb\">\n        <a href=\"https:\/\/www.cicchicago.com\/es\/programas\/\" title=\"Programas\">Programas<\/a><svg class=\"svg-icon boomerang-right\" width=\"24\" height=\"24\" aria-hidden=\"true\" role=\"img\" focusable=\"false\" xmlns=\"http:\/\/www.w3.org\/2000\/svg\" x=\"0px\" y=\"0px\" viewbox=\"0 0 128 128\"><path d=\"M44.3,123.6c-2.5,0-5.2-0.9-8-3.2c-8.6-7.2-2.6-14.9,1.4-20.1c1.5-2,6.3-7.7,10.9-13.2c3.6-4.3,7-8.4,7.9-9.6 c5.4-6.8,7.6-10.7,6.9-15.7c0-0.3-0.1-0.6-0.1-0.9c-0.8-3.6-3.4-7-7.9-11.9c-1-1.1-4.5-4.7-8.2-8.5c-4.9-5.1-10.6-10.8-12.3-12.7 c-4.1-4.5-10.3-11.3-2.1-19.3c8-7.7,14.7-2.7,19.6,0.9c2,1.5,9.9,7.8,16.3,12.8c3.4,2.7,6.3,5,7.5,5.9c7,5.5,15.7,13,20.4,22.6 l0,0.1c2.7,5.7,3.4,13,1.9,18.8l0,0.1C95,80.9,86.2,90,78.9,96.8c-1.2,1.1-4,3.7-7.3,6.8c-5.8,5.4-13.1,12.2-15,13.8 C53.7,119.9,49.4,123.6,44.3,123.6z M41.3,11.3c-1.3,0-2.3,0.8-3.7,2.1c-3.4,3.4-2.1,4.8,2.4,9.7c1.7,1.8,7.2,7.5,12.1,12.6 c3.9,4,7.3,7.5,8.4,8.7c4.6,5,8.5,9.7,9.7,15.5l0.1,0.3v0.3c0,0.1,0,0.2,0,0.3c1.2,8.1-2.8,14.1-8.3,21c-1,1.3-4.3,5.2-8,9.7 c-4.3,5.2-9.3,11.1-10.7,13c-5.6,7.3-5.1,8.3-2.4,10.5c3.1,2.6,5.1,2.5,11.3-3c1.8-1.6,9-8.3,14.8-13.7c3.3-3.1,6.1-5.7,7.3-6.8 c6.7-6.1,14.7-14.3,17.6-23.9c1.1-4.3,0.5-9.8-1.4-14c-4.1-8.3-12-15.1-18.4-20.2c-1.2-1-4.1-3.3-7.5-6c-6-4.8-14.2-11.3-16.1-12.7 C44.8,12.4,42.9,11.3,41.3,11.3z\"\/><\/svg>Ahorradores de energ\u00eda    <\/div>\n\n\n\n<p class=\"is-style-narrow-7 has-huge-font-size\">La energ\u00eda es uno de los costos operativos menos predecibles en los edificios multifamiliares.<\/p>\n\n\n\n<p class=\"is-style-narrow-4 has-large-font-size\"><a href=\"https:\/\/www.elevateenergy.org\/wp\/wp-content\/uploads\/Chicago-Multifamily-Segmentation.pdf\" target=\"_blank\" rel=\"noreferrer noopener\">M\u00e1s del 75% de los edificios de Chicago se construyeron antes del 1942 y les faltan la habilidad de realizar mejoras b\u00e1sicas de eficiencia energ\u00e9tica,<\/a>muchos due\u00f1os pueden ahorrar sustancialmente en servicios p\u00fablicos y gastos operativos.<\/p>\n\n\n\n<p class=\"is-style-narrow-4 has-large-font-size\">El programa Energy Savers de CIC, reconocido a nivel nacional, es una ventanilla \u00fanica para conocer mejor a su edificio, reducir sus costos operativos y maximizar su flujo de fondos.<\/p>\n<\/div><\/div>\n\n\n            <div id=\"image-bg-text-block-block_5ecb9e3ece0ea\" class=\"image-bg-text-block alignfull text-color-black overlay-white-gradient-left text-top-left\" style=\"background-image: url(https:\/\/www.cicchicago.com\/wp-content\/uploads\/2020\/05\/electrical.jpg); background-position: 60% 15%;\">\n                        <div class=\"text-wrapper\">\n                <div class=\"text\"><h4>C\u00f3mo funciona<\/h4>\n<p>CIC se asocia con Elevate Energy para<br \/>\nayudar a los due\u00f1os de edificios                   multifamiliares a reducir<br \/>\nsus costos operativos conservando<br \/>\nenerg\u00eda y reducir sus facturas de servicios p\u00fablicos.<\/p>\n<\/div>            <\/div>\n        <\/div>\n    \n\n\n<div class=\"wp-block-group\"><div class=\"wp-block-group__inner-container is-layout-flow wp-block-group-is-layout-flow\">\n<div class=\"wp-block-columns is-layout-flex wp-container-core-columns-is-layout-9d6595d7 wp-block-columns-is-layout-flex\">\n<div class=\"wp-block-column is-layout-flow wp-block-column-is-layout-flow\" style=\"flex-basis:66.66%\">\n<p class=\"is-style-narrow-5\">Energy Savers ha concedido $25 millones en pr\u00e9stamos y subvenciones\/becas a due\u00f1os de edificios multifamiliares. P\u00f3ngase en contacto con un agente de cr\u00e9dito y empiece a ahorrar.<\/p>\n<\/div>\n\n\n\n<div class=\"wp-block-column is-layout-flow wp-block-column-is-layout-flow\" style=\"flex-basis:33.33%\">\n<div class=\"wp-block-buttons is-layout-flex wp-block-buttons-is-layout-flex\">\n<div class=\"wp-block-button\"><a class=\"wp-block-button__link\" href=\"\/es\/prestamos\/#energy\">Empiece a ahorrar ahora<\/a><\/div>\n<\/div>\n<\/div>\n<\/div>\n\n\n\n<img decoding=\"async\" src=\"https:\/\/www.cicchicago.com\/wp-content\/uploads\/2020\/08\/energy-savers-chart-1.jpg\" style=\"margin-bottom:2rem;\" alt=\"Tabla de ahorro de energ\u00eda\">\n\n\n\n<hr class=\"wp-block-separator\"\/>\n\n\n\n<div class=\"wp-block-columns is-layout-flex wp-container-core-columns-is-layout-9d6595d7 wp-block-columns-is-layout-flex\">\n<div class=\"wp-block-column is-layout-flow wp-block-column-is-layout-flow\">\n<h5 class=\"wp-block-heading\">M\u00e1s informaci\u00f3n sobre los pr\u00e9stamos energ\u00e9ticos de CIC<\/h5>\n\n\n\n<p>Modernizar los edificios multifamiliares para reducir los costos operativos y ahorrar energ\u00eda y agua.<\/p>\n\n\n\n<div class=\"wp-block-buttons is-layout-flex wp-block-buttons-is-layout-flex\">\n<div class=\"wp-block-button\"><a class=\"wp-block-button__link\" href=\"\/es\/prestamos\/#energy\">Pr\u00e9stamos energ\u00e9ticos<\/a><\/div>\n<\/div>\n<\/div>\n\n\n\n<div class=\"wp-block-column is-layout-flow wp-block-column-is-layout-flow\">\n<h5 class=\"wp-block-heading\">Historia de \u00e9xito<\/h5>\n\n\n\n<p>Para este prestatario de CIC, la eficiencia energ\u00e9tica paga las facturas.<\/p>\n\n\n\n<div class=\"wp-block-buttons is-layout-flex wp-block-buttons-is-layout-flex\">\n<div class=\"wp-block-button\"><a class=\"wp-block-button__link\" href=\"#\">Proyecto de pr\u00e9stamo energ\u00e9tico<\/a><\/div>\n<\/div>\n\n\n\n<p><\/p>\n<\/div>\n\n\n\n<div class=\"wp-block-column is-layout-flow wp-block-column-is-layout-flow\">\n<h5 class=\"wp-block-heading\">Seguir leyendo<\/h5>\n\n\n\n<p><a href=\"#\">D\u00e9cada de ahorros: CIC y Elevate celebran 42,000 apartamentos mejoradas gracias a la rehabilitaci\u00f3n energ\u00e9tica<\/a><\/p>\n\n\n\n<p><a href=\"https:\/\/www.bluetoad.com\/publication\/?m=&amp;l=1&amp;i=490012&amp;p=8\" target=\"_blank\" rel=\"noreferrer noopener\">Energy Savers ayuda a los inversores multifamiliares a tener \u00e9xito<\/a><\/p>\n\n\n\n<div class=\"wp-block-buttons is-layout-flex wp-block-buttons-is-layout-flex\">\n<div class=\"wp-block-button\"><a class=\"wp-block-button__link\" href=\"https:\/\/pc.wellhouse.studio\/strategies\/energy-retrofits\/\" target=\"_blank\" rel=\"noreferrer noopener\">Pacto de Preservaci\u00f3n<\/a><\/div>\n<\/div>\n<\/div>\n<\/div>\n<\/div><\/div>\n\n\n\n<div class=\"wp-block-group has-light-blue-gradient-background-color has-background\"><div class=\"wp-block-group__inner-container is-layout-flow wp-block-group-is-layout-flow\">\n<h4 class=\"wp-block-heading\"><strong><strong>La historia de Energy Savers<\/strong><\/strong><\/h4>\n\n\n\n<p class=\"is-style-narrow-6 has-larger-font-size\">Energy Savers se lanz\u00f3 originalmente en el 2008 como un elemento clave de <a rel=\"noreferrer noopener\" href=\"http:\/\/www.preservationcompact.org\/\" target=\"_blank\">El Pacto de Preservaci\u00f3n<\/a>un esfuerzo de colaboraci\u00f3n para conservar apartamentos de alquiler asequibles en el condado de Cook.<\/p>\n\n\n\n<div class=\"wp-block-columns is-style-right-col-to-edge is-layout-flex wp-container-core-columns-is-layout-9d6595d7 wp-block-columns-is-layout-flex\">\n<div class=\"wp-block-column is-layout-flow wp-block-column-is-layout-flow\">\n<p>En conversaciones convocadas por la Fundaci\u00f3n John D. y Catherine T. MacArthur, las partes interesadas identificaron el aumento del costo de la energ\u00eda como uno de los principales gastos que amenazaban la viabilidad de los apartamentos de alquiler asequibles de Chicago.  Como resultado de esas conversaciones, Energy Savers fue dise\u00f1ado para ayudar a los due\u00f1os de edificios multifamiliares a reducir su consumo de energ\u00eda, recortar sus facturas de servicios p\u00fablicos y preservar la asequibilidad de sus apartamentos de alquiler.<\/p>\n\n\n\n<p>Durante casi diez a\u00f1os, Energy Savers se implement\u00f3 con casi $15 millones de financiamento de la Ciudad de Chicago, la Agencia Metropolitana de Planificaci\u00f3n de Chicago (CMAP), la Grand Victoria Foundation, e inversiones relacionadas con el programa de Bank of America y la Fundaci\u00f3n MacArthur. Con estas generosas inversiones, Energy Savers se ha convertido en un modelo nacional de financiamento de la eficiencia energ\u00e9tica. Desde el inicio del programa hasta el 2016, CIC proporcion\u00f3 $23.6 millones en pr\u00e9stamos y subvenciones\/becas para financiar la modernizaci\u00f3n para el ahorro de energ\u00eda en m\u00e1s de 10,000.<\/p>\n\n\n\n<p>Bas\u00e1ndose en el \u00e9xito del programa y en el cambio de las preferencias de los prestatarios, en el 2017 CIC modific\u00f3 la estructura de Energy Savers para incorporar la modernizaci\u00f3n energ\u00e9tica y del agua como parte de su programa regular de pr\u00e9stamos multifamiliares.&nbsp;<\/p>\n<\/div>\n\n\n\n<div class=\"wp-block-column is-layout-flow wp-block-column-is-layout-flow\">\n<figure class=\"wp-block-image size-large\"><img loading=\"lazy\" decoding=\"async\" width=\"961\" height=\"641\" src=\"https:\/\/www.cicchicago.com\/wp-content\/uploads\/2020\/06\/cic_energy_savers_history_013.jpg\" alt=\"\" class=\"wp-image-906\" srcset=\"https:\/\/www.cicchicago.com\/wp-content\/uploads\/2020\/06\/cic_energy_savers_history_013.jpg 961w, https:\/\/www.cicchicago.com\/wp-content\/uploads\/2020\/06\/cic_energy_savers_history_013-300x200.jpg 300w, https:\/\/www.cicchicago.com\/wp-content\/uploads\/2020\/06\/cic_energy_savers_history_013-768x512.jpg 768w\" sizes=\"auto, (max-width: 961px) 100vw, 961px\" \/><\/figure>\n\n\n\n<div style=\"height:60px\" aria-hidden=\"true\" class=\"wp-block-spacer\"><\/div>\n\n\n\n<div class=\"wp-block-buttons is-style-centered is-layout-flex wp-block-buttons-is-layout-flex\">\n<div class=\"wp-block-button is-style-default\"><a class=\"wp-block-button__link\" href=\"\/es\/prestamos\/#energy\">M\u00c1S INFORMACI\u00d3N SOBRE LOS PR\u00c9STAMOS ENERG\u00c9TICOS DE CIC<\/a><\/div>\n<\/div>\n\n\n\n<p><\/p>\n<\/div>\n<\/div>\n<\/div><\/div>","protected":false},"excerpt":{"rendered":"<p>Energy is one of the least predictable operating costs in multifamily buildings. With more than 75 percent of buildings in Chicago built before 1942 and lacking basic energy efficiency improvements, many owners can save substantially on utility and operating expenses. CIC\u2019s nationally recognized Energy Savers program is a one-stop-shop to better understand your building, reduce [&#8230;] <a class=\"read_more\" href=\"https:\/\/www.cicchicago.com\/es\/programas\/ahorradores-de-energia\/\">Read More<\/a><\/p>\n","protected":false},"author":1,"featured_media":0,"parent":9,"menu_order":0,"comment_status":"closed","ping_status":"closed","template":"","meta":{"_acf_changed":false,"om_disable_all_campaigns":false,"_monsterinsights_skip_tracking":false,"_monsterinsights_sitenote_active":false,"_monsterinsights_sitenote_note":"","_monsterinsights_sitenote_category":0,"_uf_show_specific_survey":0,"_uf_disable_surveys":false,"footnotes":""},"class_list":["post-375","page","type-page","status-publish","hentry","entry"],"acf":[],"aioseo_notices":[],"_links":{"self":[{"href":"https:\/\/www.cicchicago.com\/es\/wp-json\/wp\/v2\/pages\/375","targetHints":{"allow":["GET"]}}],"collection":[{"href":"https:\/\/www.cicchicago.com\/es\/wp-json\/wp\/v2\/pages"}],"about":[{"href":"https:\/\/www.cicchicago.com\/es\/wp-json\/wp\/v2\/types\/page"}],"author":[{"embeddable":true,"href":"https:\/\/www.cicchicago.com\/es\/wp-json\/wp\/v2\/users\/1"}],"replies":[{"embeddable":true,"href":"https:\/\/www.cicchicago.com\/es\/wp-json\/wp\/v2\/comments?post=375"}],"version-history":[{"count":29,"href":"https:\/\/www.cicchicago.com\/es\/wp-json\/wp\/v2\/pages\/375\/revisions"}],"predecessor-version":[{"id":1348,"href":"https:\/\/www.cicchicago.com\/es\/wp-json\/wp\/v2\/pages\/375\/revisions\/1348"}],"up":[{"embeddable":true,"href":"https:\/\/www.cicchicago.com\/es\/wp-json\/wp\/v2\/pages\/9"}],"wp:attachment":[{"href":"https:\/\/www.cicchicago.com\/es\/wp-json\/wp\/v2\/media?parent=375"}],"curies":[{"name":"wp","href":"https:\/\/api.w.org\/{rel}","templated":true}]}}