{"id":3802,"date":"2025-02-07T17:23:48","date_gmt":"2025-02-07T17:23:48","guid":{"rendered":"https:\/\/www.cicchicago.com\/?page_id=3802"},"modified":"2025-02-07T17:43:30","modified_gmt":"2025-02-07T17:43:30","slug":"informacion-sobre-el-titulo-vi-y-la-seccion-504","status":"publish","type":"page","link":"https:\/\/www.cicchicago.com\/es\/informacion-sobre-el-titulo-vi-y-la-seccion-504\/","title":{"rendered":"Cumplimiento del T\u00edtulo VI y de la Secci\u00f3n 504"},"content":{"rendered":"<div class=\"wp-block-group\"><div class=\"wp-block-group__inner-container is-layout-flow wp-block-group-is-layout-flow\">\n<div class=\"wp-block-pb-accordion-item c-accordion__item js-accordion-item no-js\" data-initially-open=\"false\" data-click-to-close=\"true\" data-auto-close=\"true\" data-scroll=\"true\" data-scroll-offset=\"150\"><h3 id=\"at-38020\" class=\"c-accordion__title js-accordion-controller\" role=\"button\">T\u00edtulo VI y Secci\u00f3n 504<\/h3><div id=\"ac-38020\" class=\"c-accordion__content\">\n<p>La filosof\u00eda de equipo de CIC hace hincapi\u00e9 en la importancia de cada individuo y de cada trabajo realizado. La pol\u00edtica de la empresa proh\u00edbe la discriminaci\u00f3n por motivos de raza, color u origen nacional y, de conformidad con la Secci\u00f3n 504 de la Ley de Rehabilitaci\u00f3n de 1973, CIC tambi\u00e9n proh\u00edbe la discriminaci\u00f3n por motivos de discapacidad.&nbsp;&nbsp;<\/p>\n<\/div><\/div>\n\n\n\n<div class=\"wp-block-pb-accordion-item c-accordion__item js-accordion-item no-js\" data-initially-open=\"false\" data-click-to-close=\"true\" data-auto-close=\"true\" data-scroll=\"true\" data-scroll-offset=\"150\"><h3 id=\"at-38021\" class=\"c-accordion__title js-accordion-controller\" role=\"button\">Procedimiento de reclamaci\u00f3n<\/h3><div id=\"ac-38021\" class=\"c-accordion__content\">\n<p>Para presentar una denuncia por discriminaci\u00f3n ante la Oficina de Derechos Civiles e Igualdad de Oportunidades en el Empleo (OCRE) del Departamento del Tesoro de EE.UU., puede enviarla por correo postal o electr\u00f3nico.&nbsp;<\/p>\n\n\n\n<p>Por correo&nbsp;<\/p>\n\n\n\n<ul class=\"wp-block-list\">\n<li>Env\u00ede la queja a Director, Office of Civil Rights and Equal Employment Opportunity, 1500 Pennsylvania Ave., N.W., Washington, DC 20220&nbsp;<\/li>\n<\/ul>\n\n\n\n<ul class=\"wp-block-list\">\n<li>Tenga en cuenta que la Oficina de Derechos Civiles e Igualdad de Oportunidades en el Empleo puede retrasar la tramitaci\u00f3n de las denuncias enviadas por correo&nbsp;<\/li>\n<\/ul>\n\n\n\n<p>Por correo electr\u00f3nico&nbsp;<\/p>\n\n\n\n<ul class=\"wp-block-list\">\n<li>Env\u00ede la denuncia a crcomplaints@treasury.gov&nbsp;<\/li>\n<\/ul>\n\n\n\n<p>En l\u00ednea&nbsp;<\/p>\n\n\n\n<ul class=\"wp-block-list\">\n<li>Rellene el formulario PDF de reclamaci\u00f3n individual de Hacienda&nbsp;<\/li>\n<\/ul>\n\n\n\n<ul class=\"wp-block-list\">\n<li>Imprima el formulario, f\u00edrmelo y escan\u00e9elo&nbsp;<\/li>\n<\/ul>\n\n\n\n<ul class=\"wp-block-list\">\n<li>Guarda el documento escaneado en tu ordenador&nbsp;<\/li>\n<\/ul>\n\n\n\n<ul class=\"wp-block-list\">\n<li>Env\u00ede el formulario electr\u00f3nicamente&nbsp;<\/li>\n<\/ul>\n\n\n\n<p>La OCRE puede investigar acciones que hayan tenido lugar en los 180 d\u00edas siguientes a la fecha de presentaci\u00f3n de la denuncia, salvo que se conceda una dispensa.&nbsp;<\/p>\n<\/div><\/div>\n<\/div><\/div>\n\n\n\n<p><\/p>","protected":false},"excerpt":{"rendered":"","protected":false},"author":5,"featured_media":0,"parent":0,"menu_order":0,"comment_status":"closed","ping_status":"closed","template":"","meta":{"_acf_changed":false,"om_disable_all_campaigns":false,"_monsterinsights_skip_tracking":false,"_monsterinsights_sitenote_active":false,"_monsterinsights_sitenote_note":"","_monsterinsights_sitenote_category":0,"_uf_show_specific_survey":0,"_uf_disable_surveys":false,"footnotes":""},"class_list":["post-3802","page","type-page","status-publish","hentry","entry"],"acf":[],"aioseo_notices":[],"_links":{"self":[{"href":"https:\/\/www.cicchicago.com\/es\/wp-json\/wp\/v2\/pages\/3802","targetHints":{"allow":["GET"]}}],"collection":[{"href":"https:\/\/www.cicchicago.com\/es\/wp-json\/wp\/v2\/pages"}],"about":[{"href":"https:\/\/www.cicchicago.com\/es\/wp-json\/wp\/v2\/types\/page"}],"author":[{"embeddable":true,"href":"https:\/\/www.cicchicago.com\/es\/wp-json\/wp\/v2\/users\/5"}],"replies":[{"embeddable":true,"href":"https:\/\/www.cicchicago.com\/es\/wp-json\/wp\/v2\/comments?post=3802"}],"version-history":[{"count":3,"href":"https:\/\/www.cicchicago.com\/es\/wp-json\/wp\/v2\/pages\/3802\/revisions"}],"predecessor-version":[{"id":3807,"href":"https:\/\/www.cicchicago.com\/es\/wp-json\/wp\/v2\/pages\/3802\/revisions\/3807"}],"wp:attachment":[{"href":"https:\/\/www.cicchicago.com\/es\/wp-json\/wp\/v2\/media?parent=3802"}],"curies":[{"name":"wp","href":"https:\/\/api.w.org\/{rel}","templated":true}]}}