{"id":385,"date":"2020-05-27T06:49:39","date_gmt":"2020-05-27T06:49:39","guid":{"rendered":"https:\/\/www.cicchicago.com\/?page_id=385"},"modified":"2024-08-21T03:35:08","modified_gmt":"2024-08-21T03:35:08","slug":"reurbanizacion-selectiva","status":"publish","type":"page","link":"https:\/\/www.cicchicago.com\/es\/programas\/reurbanizacion-selectiva\/","title":{"rendered":"Reurbanizaci\u00f3n selectiva"},"content":{"rendered":"<div class=\"wp-block-group has-light-green-boomerang-background-color has-background\"><div class=\"wp-block-group__inner-container is-layout-flow wp-block-group-is-layout-flow\">    <div id=\"crumb-block_fd18b0a211d49ae9038a6df36b358ac7\" class=\"crumb\">\n        <a href=\"https:\/\/www.cicchicago.com\/es\/programas\/\" title=\"Programas\">Programas<\/a><svg class=\"svg-icon boomerang-right\" width=\"24\" height=\"24\" aria-hidden=\"true\" role=\"img\" focusable=\"false\" xmlns=\"http:\/\/www.w3.org\/2000\/svg\" x=\"0px\" y=\"0px\" viewbox=\"0 0 128 128\"><path d=\"M44.3,123.6c-2.5,0-5.2-0.9-8-3.2c-8.6-7.2-2.6-14.9,1.4-20.1c1.5-2,6.3-7.7,10.9-13.2c3.6-4.3,7-8.4,7.9-9.6 c5.4-6.8,7.6-10.7,6.9-15.7c0-0.3-0.1-0.6-0.1-0.9c-0.8-3.6-3.4-7-7.9-11.9c-1-1.1-4.5-4.7-8.2-8.5c-4.9-5.1-10.6-10.8-12.3-12.7 c-4.1-4.5-10.3-11.3-2.1-19.3c8-7.7,14.7-2.7,19.6,0.9c2,1.5,9.9,7.8,16.3,12.8c3.4,2.7,6.3,5,7.5,5.9c7,5.5,15.7,13,20.4,22.6 l0,0.1c2.7,5.7,3.4,13,1.9,18.8l0,0.1C95,80.9,86.2,90,78.9,96.8c-1.2,1.1-4,3.7-7.3,6.8c-5.8,5.4-13.1,12.2-15,13.8 C53.7,119.9,49.4,123.6,44.3,123.6z M41.3,11.3c-1.3,0-2.3,0.8-3.7,2.1c-3.4,3.4-2.1,4.8,2.4,9.7c1.7,1.8,7.2,7.5,12.1,12.6 c3.9,4,7.3,7.5,8.4,8.7c4.6,5,8.5,9.7,9.7,15.5l0.1,0.3v0.3c0,0.1,0,0.2,0,0.3c1.2,8.1-2.8,14.1-8.3,21c-1,1.3-4.3,5.2-8,9.7 c-4.3,5.2-9.3,11.1-10.7,13c-5.6,7.3-5.1,8.3-2.4,10.5c3.1,2.6,5.1,2.5,11.3-3c1.8-1.6,9-8.3,14.8-13.7c3.3-3.1,6.1-5.7,7.3-6.8 c6.7-6.1,14.7-14.3,17.6-23.9c1.1-4.3,0.5-9.8-1.4-14c-4.1-8.3-12-15.1-18.4-20.2c-1.2-1-4.1-3.3-7.5-6c-6-4.8-14.2-11.3-16.1-12.7 C44.8,12.4,42.9,11.3,41.3,11.3z\"\/><\/svg>Reurbanizaci\u00f3n selectiva    <\/div>\n\n\n\n<p class=\"is-style-narrow-7 has-huge-font-size\">En ciertos barrios, CIC y CII coordinamos y concentramos toda nuestra gama completa de actividades para maximizar el impacto.<\/p>\n\n\n\n<p class=\"is-style-narrow-4 has-large-font-size\">Gracias a las inversiones de CIC, que incluyen pr\u00e9stamos, desconversiones de condominios, adquisiciones y rehabilitaciones, las condiciones f\u00edsicas del barrio mejoran y los nuevos due\u00f1os traen un nuevo compromiso a la comunidad.<\/p>\n<\/div><\/div>\n\n\n\n<div class=\"wp-block-group\"><div class=\"wp-block-group__inner-container is-layout-flow wp-block-group-is-layout-flow\">\n<h4 class=\"wp-block-heading\">C\u00f3mo funciona<\/h4>\n\n\n\n<p class=\"is-style-narrow-6 has-larger-font-size\">Community Initiatives, Inc. (CII) es una filial de CIC que interviene directamente en edificios multifamiliares vac\u00edos y en mal estado. Estas inversiones y las relaciones cultivadas con l\u00edderes c\u00edvicos, comunitarios y empresariales proporcionan una base fuerte para un desarrollo comunitario continuo y duradero.<\/p>\n\n\n\n<div class=\"wp-block-columns is-layout-flex wp-container-core-columns-is-layout-9d6595d7 wp-block-columns-is-layout-flex\">\n<div class=\"wp-block-column is-vertically-aligned-center is-layout-flow wp-block-column-is-layout-flow\" style=\"flex-basis:48%\">\n<figure class=\"wp-block-image size-large\"><img loading=\"lazy\" decoding=\"async\" width=\"1024\" height=\"1024\" src=\"https:\/\/www.cicchicago.com\/wp-content\/uploads\/2020\/06\/chatham-map-1024x1024.jpg\" alt=\"\" class=\"wp-image-641\" srcset=\"https:\/\/www.cicchicago.com\/wp-content\/uploads\/2020\/06\/chatham-map-1024x1024.jpg 1024w, https:\/\/www.cicchicago.com\/wp-content\/uploads\/2020\/06\/chatham-map-300x300.jpg 300w, https:\/\/www.cicchicago.com\/wp-content\/uploads\/2020\/06\/chatham-map-150x150.jpg 150w, https:\/\/www.cicchicago.com\/wp-content\/uploads\/2020\/06\/chatham-map-768x768.jpg 768w, https:\/\/www.cicchicago.com\/wp-content\/uploads\/2020\/06\/chatham-map.jpg 1200w\" sizes=\"auto, (max-width: 1024px) 100vw, 1024px\" \/><\/figure>\n<\/div>\n\n\n\n<div class=\"wp-block-column is-layout-flow wp-block-column-is-layout-flow\" style=\"flex-basis:52%\">\n<h5 class=\"wp-block-heading\">Chatham<\/h5>\n\n\n\n<p>Hist\u00f3ricamente, el principal compromiso de CIC en Chatham ha sido como prestamista multifamiliar. En el 2011, CIC design\u00f3 la esquina nordeste de la comunidad (East Chatham) como la \u00e1rea objetivo para centrar las actividades de pr\u00e9stamo y desarrollo comunitario.  La principal iniciativa de CIC fue la aplicaci\u00f3n rigurosa del c\u00f3digo y la administraci\u00f3n judicial bajo la Iniciativa de Edificios en Problemas (TBI). Cuando fue posible, CIC se dedic\u00f3 a la adquisici\u00f3n de propiedades en dificultades.&nbsp;<\/p>\n\n\n\n<p>Entre el 2011 y 2017, CIC y CII invirtieron $8.6 millones en 71 propiedades con m\u00e1s de 1,100 apartamentos en el barrio de East Chatham.<\/p>\n\n\n\n<div class=\"wp-block-buttons is-layout-flex wp-block-buttons-is-layout-flex\">\n<div class=\"wp-block-button\"><a class=\"wp-block-button__link wp-element-button\" href=\"https:\/\/online.fliphtml5.com\/pckke\/jziy\/#p=1\" target=\"_blank\" rel=\"noreferrer noopener\">Nuestro trabajo en Chatham<\/a><\/div>\n<\/div>\n\n\n\n<p><\/p>\n<\/div>\n<\/div>\n\n\n\n<hr class=\"wp-block-separator has-css-opacity\"\/>\n\n\n\n<div class=\"wp-block-columns is-layout-flex wp-container-core-columns-is-layout-9d6595d7 wp-block-columns-is-layout-flex\">\n<div class=\"wp-block-column is-layout-flow wp-block-column-is-layout-flow\" style=\"flex-basis:52%\">\n<h5 class=\"wp-block-heading\">Woodlawn<\/h5>\n\n\n\n<p>Woodlawn es una comunidad vibrante en el lado sur de Chicago llena de apartamentos de ladrillo de dos pisos y edificios multifamiliares de \u00e9poca. CIC y CII han estado activos en la comunidad durante muchos a\u00f1os haciendo pr\u00e9stamos multifamiliares, recuperando edificios con problemas, reensamblando condominios en dificultades y comprando propiedades para su reurbanizaci\u00f3n.&nbsp;<\/p>\n\n\n\n<p>Adem\u00e1s del trabajo tradicional de CIC centrado en edificios multifamiliares, CIC ha trabajado con Preservation of Affordable Housing (POAH) y Neighborhoods Housing Services of Chicago (NHS) para implementar Renew Woodlawn, un programa innovador y galardonado que ha creado m\u00e1s de 40 due\u00f1os de apartamentos por primera vez a trav\u00e9s de la rehabilitaci\u00f3n y venta a nuevos due\u00f1os de edificios vacios de apartamentos unifamiliares y de dos pisos.<\/p>\n\n\n\n<p>Desde el 2002, CIC ha invertido $22.7 millones en 174 propiedades con casi 2,000 apartamentos.<\/p>\n\n\n\n<div class=\"wp-block-buttons is-layout-flex wp-block-buttons-is-layout-flex\">\n<div class=\"wp-block-button\"><a class=\"wp-block-button__link wp-element-button\" href=\"https:\/\/online.fliphtml5.com\/pckke\/hmcx\/#p=1\" target=\"_blank\" rel=\"noreferrer noopener\">Nuestro trabajo en Woodlawn<\/a><\/div>\n<\/div>\n<\/div>\n\n\n\n<div class=\"wp-block-column is-vertically-aligned-center is-layout-flow wp-block-column-is-layout-flow\" style=\"flex-basis:48%\">\n<figure class=\"wp-block-image size-large\"><img loading=\"lazy\" decoding=\"async\" width=\"1024\" height=\"1024\" src=\"https:\/\/www.cicchicago.com\/wp-content\/uploads\/2020\/06\/woodlawn-map-1024x1024.jpg\" alt=\"\" class=\"wp-image-642\" srcset=\"https:\/\/www.cicchicago.com\/wp-content\/uploads\/2020\/06\/woodlawn-map-1024x1024.jpg 1024w, https:\/\/www.cicchicago.com\/wp-content\/uploads\/2020\/06\/woodlawn-map-300x300.jpg 300w, https:\/\/www.cicchicago.com\/wp-content\/uploads\/2020\/06\/woodlawn-map-150x150.jpg 150w, https:\/\/www.cicchicago.com\/wp-content\/uploads\/2020\/06\/woodlawn-map-768x768.jpg 768w, https:\/\/www.cicchicago.com\/wp-content\/uploads\/2020\/06\/woodlawn-map.jpg 1200w\" sizes=\"auto, (max-width: 1024px) 100vw, 1024px\" \/><\/figure>\n<\/div>\n<\/div>\n\n\n\n<hr class=\"wp-block-separator has-css-opacity\"\/>\n\n\n\n<div class=\"wp-block-columns is-layout-flex wp-container-core-columns-is-layout-9d6595d7 wp-block-columns-is-layout-flex\">\n<div class=\"wp-block-column is-vertically-aligned-center is-layout-flow wp-block-column-is-layout-flow\" style=\"flex-basis:48%\">\n<figure class=\"wp-block-image size-large\"><img loading=\"lazy\" decoding=\"async\" width=\"1024\" height=\"1024\" src=\"https:\/\/www.cicchicago.com\/wp-content\/uploads\/2020\/08\/mmrp-map-2-1024x1024.jpg\" alt=\"Mapa MMRP\" class=\"wp-image-1298\" srcset=\"https:\/\/www.cicchicago.com\/wp-content\/uploads\/2020\/08\/mmrp-map-2-1024x1024.jpg 1024w, https:\/\/www.cicchicago.com\/wp-content\/uploads\/2020\/08\/mmrp-map-2-300x300.jpg 300w, https:\/\/www.cicchicago.com\/wp-content\/uploads\/2020\/08\/mmrp-map-2-150x150.jpg 150w, https:\/\/www.cicchicago.com\/wp-content\/uploads\/2020\/08\/mmrp-map-2-768x768.jpg 768w, https:\/\/www.cicchicago.com\/wp-content\/uploads\/2020\/08\/mmrp-map-2-1536x1536.jpg 1536w, https:\/\/www.cicchicago.com\/wp-content\/uploads\/2020\/08\/mmrp-map-2.jpg 1983w\" sizes=\"auto, (max-width: 1024px) 100vw, 1024px\" \/><\/figure>\n\n\n\n<p><\/p>\n<\/div>\n\n\n\n<div class=\"wp-block-column is-layout-flow wp-block-column-is-layout-flow\" style=\"flex-basis:52%\">\n<h5 class=\"wp-block-heading\">Programa de recuperaci\u00f3n de barrios de Chicago (CNRP)<\/h5>\n\n\n\n<p>El CNRP es una iniciativa del Departamento de Planificaci\u00f3n y Desarrollo de la ciudad de Chicago que ayuda a reconstruir comunidades en dificultades reduciendo el costo de la propiedad, creando comunidades de elecci\u00f3n y atrayendo a nuevos due\u00f1os a edificios vac\u00edos en cuadras de barrios espec\u00edficos.<\/p>\n\n\n\n<p>CIC ha sido anteriormente la principal agencia organizadora en East Chatham y West Woodlawn, y sigue apoyando los esfuerzos de CNRP conectando a los grupos locales con los recursos de pr\u00e9stamos, adquisiciones e Iniciativas de Edificios con Problemas.<\/p>\n\n\n\n<div class=\"wp-block-buttons is-layout-flex wp-block-buttons-is-layout-flex\">\n<div class=\"wp-block-button\"><a class=\"wp-block-button__link wp-element-button\" href=\"https:\/\/www.chicago.gov\/city\/en\/depts\/doh\/provdrs\/developers\/svcs\/ChicagoNeighborhoodRecoveryProgram.html\" target=\"_blank\" rel=\"noreferrer noopener\">M\u00e1s informaci\u00f3n<\/a><\/div>\n<\/div>\n<\/div>\n<\/div>\n<\/div><\/div>","protected":false},"excerpt":{"rendered":"<p>In certain neighborhoods, CIC and CII coordinate and&nbsp;focus our full array of activities to maximize&nbsp;impact. With CIC investments \u2013 including loans, condo deconversions, acquisitions, and rehabs \u2013 neighborhood physical conditions improve, and new owners bring fresh commitment to the community. How It Works Community Initiatives, Inc. (CII) is an affiliate of CIC, and intervenes directly [&#8230;] <a class=\"read_more\" href=\"https:\/\/www.cicchicago.com\/es\/programas\/reurbanizacion-selectiva\/\">Read More<\/a><\/p>\n","protected":false},"author":1,"featured_media":0,"parent":9,"menu_order":0,"comment_status":"closed","ping_status":"closed","template":"","meta":{"_acf_changed":false,"om_disable_all_campaigns":false,"_monsterinsights_skip_tracking":false,"_monsterinsights_sitenote_active":false,"_monsterinsights_sitenote_note":"","_monsterinsights_sitenote_category":0,"_uf_show_specific_survey":0,"_uf_disable_surveys":false,"footnotes":""},"class_list":["post-385","page","type-page","status-publish","hentry","entry"],"acf":[],"aioseo_notices":[],"_links":{"self":[{"href":"https:\/\/www.cicchicago.com\/es\/wp-json\/wp\/v2\/pages\/385","targetHints":{"allow":["GET"]}}],"collection":[{"href":"https:\/\/www.cicchicago.com\/es\/wp-json\/wp\/v2\/pages"}],"about":[{"href":"https:\/\/www.cicchicago.com\/es\/wp-json\/wp\/v2\/types\/page"}],"author":[{"embeddable":true,"href":"https:\/\/www.cicchicago.com\/es\/wp-json\/wp\/v2\/users\/1"}],"replies":[{"embeddable":true,"href":"https:\/\/www.cicchicago.com\/es\/wp-json\/wp\/v2\/comments?post=385"}],"version-history":[{"count":10,"href":"https:\/\/www.cicchicago.com\/es\/wp-json\/wp\/v2\/pages\/385\/revisions"}],"predecessor-version":[{"id":3467,"href":"https:\/\/www.cicchicago.com\/es\/wp-json\/wp\/v2\/pages\/385\/revisions\/3467"}],"up":[{"embeddable":true,"href":"https:\/\/www.cicchicago.com\/es\/wp-json\/wp\/v2\/pages\/9"}],"wp:attachment":[{"href":"https:\/\/www.cicchicago.com\/es\/wp-json\/wp\/v2\/media?parent=385"}],"curies":[{"name":"wp","href":"https:\/\/api.w.org\/{rel}","templated":true}]}}