{"id":393,"date":"2020-05-28T01:33:41","date_gmt":"2020-05-28T01:33:41","guid":{"rendered":"https:\/\/www.cicchicago.com\/?page_id=393"},"modified":"2024-08-21T15:46:57","modified_gmt":"2024-08-21T15:46:57","slug":"adquisiciones","status":"publish","type":"page","link":"https:\/\/www.cicchicago.com\/es\/programas\/adquisiciones\/","title":{"rendered":"Adquisiciones"},"content":{"rendered":"<div class=\"wp-block-group has-light-green-boomerang-background-color has-background\"><div class=\"wp-block-group__inner-container is-layout-flow wp-block-group-is-layout-flow\">    <div id=\"crumb-block_5a3f25a012f0bab83a165dbfc74b1469\" class=\"crumb\">\n        <a href=\"https:\/\/www.cicchicago.com\/es\/programas\/\" title=\"Programas\">Programas<\/a><svg class=\"svg-icon boomerang-right\" width=\"24\" height=\"24\" aria-hidden=\"true\" role=\"img\" focusable=\"false\" xmlns=\"http:\/\/www.w3.org\/2000\/svg\" x=\"0px\" y=\"0px\" viewbox=\"0 0 128 128\"><path d=\"M44.3,123.6c-2.5,0-5.2-0.9-8-3.2c-8.6-7.2-2.6-14.9,1.4-20.1c1.5-2,6.3-7.7,10.9-13.2c3.6-4.3,7-8.4,7.9-9.6 c5.4-6.8,7.6-10.7,6.9-15.7c0-0.3-0.1-0.6-0.1-0.9c-0.8-3.6-3.4-7-7.9-11.9c-1-1.1-4.5-4.7-8.2-8.5c-4.9-5.1-10.6-10.8-12.3-12.7 c-4.1-4.5-10.3-11.3-2.1-19.3c8-7.7,14.7-2.7,19.6,0.9c2,1.5,9.9,7.8,16.3,12.8c3.4,2.7,6.3,5,7.5,5.9c7,5.5,15.7,13,20.4,22.6 l0,0.1c2.7,5.7,3.4,13,1.9,18.8l0,0.1C95,80.9,86.2,90,78.9,96.8c-1.2,1.1-4,3.7-7.3,6.8c-5.8,5.4-13.1,12.2-15,13.8 C53.7,119.9,49.4,123.6,44.3,123.6z M41.3,11.3c-1.3,0-2.3,0.8-3.7,2.1c-3.4,3.4-2.1,4.8,2.4,9.7c1.7,1.8,7.2,7.5,12.1,12.6 c3.9,4,7.3,7.5,8.4,8.7c4.6,5,8.5,9.7,9.7,15.5l0.1,0.3v0.3c0,0.1,0,0.2,0,0.3c1.2,8.1-2.8,14.1-8.3,21c-1,1.3-4.3,5.2-8,9.7 c-4.3,5.2-9.3,11.1-10.7,13c-5.6,7.3-5.1,8.3-2.4,10.5c3.1,2.6,5.1,2.5,11.3-3c1.8-1.6,9-8.3,14.8-13.7c3.3-3.1,6.1-5.7,7.3-6.8 c6.7-6.1,14.7-14.3,17.6-23.9c1.1-4.3,0.5-9.8-1.4-14c-4.1-8.3-12-15.1-18.4-20.2c-1.2-1-4.1-3.3-7.5-6c-6-4.8-14.2-11.3-16.1-12.7 C44.8,12.4,42.9,11.3,41.3,11.3z\"\/><\/svg>Adquisiciones    <\/div>\n\n\n\n<p class=\"is-style-narrow-7 has-huge-font-size\">M\u00e1s all\u00e1 del financiamento, CIC -a trav\u00e9s de su filial Community Initiatives, Inc. (CII)- toma acciones directas para preservar apartamentos asequibles.<\/p>\n\n\n\n<p class=\"is-style-narrow-4 has-large-font-size\">Los edificios de alquiler vac\u00edos y en dificultades crean condiciones inseguras para residentes y vecinos, y deprimen las condiciones del mercado local. CII adquiere edificios en dificultades para que los nuevos due\u00f1os puedan rehabilitar las propiedades, proporcionar una administraci\u00f3n estable y preservar los apartamentos asequibles. CII es r\u00e1pido y \u00e1gil en sus transacciones y en su capacidad para navegar t\u00edtulo completo y otras cuestiones jur\u00eddicas.<\/p>\n<\/div><\/div>\n\n\n\n<div class=\"wp-block-group\"><div class=\"wp-block-group__inner-container is-layout-flow wp-block-group-is-layout-flow\">\n<h4 class=\"wp-block-heading\"><strong>C\u00f3mo funciona<\/strong><\/h4>\n\n\n\n<p class=\"has-larger-font-size\">CII persigue esta adquisici\u00f3n para la conservaci\u00f3n utilizando una variedad de herramientas, y muchas de estas propiedades est\u00e1n disponibles para su venta a due\u00f1os responsables:<\/p>\n\n\n\n<div class=\"wp-block-columns is-layout-flex wp-container-core-columns-is-layout-9d6595d7 wp-block-columns-is-layout-flex\">\n<div class=\"wp-block-column is-layout-flow wp-block-column-is-layout-flow\" style=\"flex-basis:48%\">\n<figure class=\"wp-block-image size-large\"><img loading=\"lazy\" decoding=\"async\" width=\"654\" height=\"484\" src=\"https:\/\/www.cicchicago.com\/wp-content\/uploads\/2020\/06\/cic_multifamily-1.png\" alt=\"Multifamiliares\" class=\"wp-image-916\" srcset=\"https:\/\/www.cicchicago.com\/wp-content\/uploads\/2020\/06\/cic_multifamily-1.png 654w, https:\/\/www.cicchicago.com\/wp-content\/uploads\/2020\/06\/cic_multifamily-1-300x222.png 300w\" sizes=\"auto, (max-width: 654px) 100vw, 654px\" \/><\/figure>\n<\/div>\n\n\n\n<div class=\"wp-block-column is-layout-flow wp-block-column-is-layout-flow\" style=\"flex-basis:52%\">\n<h5 class=\"wp-block-heading\">Propiedades multifamiliares&nbsp;<\/h5>\n\n\n\n<p>CII adquiere propiedades multifamiliares mediante compra directa, aplicando el acto de Condominios en Dificultades, ejecutando embargos de la Iniciativa de Edificios en Problemas (TBI) y aceptando la cesi\u00f3n de propiedades y embargos del gobierno. El financiamento de CIC est\u00e1 a disposici\u00f3n a desarrolladores  para ayudarles en la adquisici\u00f3n y rehabilitaci\u00f3n de estas propiedades.<\/p>\n\n\n\n<p>Para obtener m\u00e1s informaci\u00f3n sobre los edificios multifamiliares disponibles para venta, p\u00f3ngase en contacto con Dedric Richardson, Vicepresidente de Estrategia de Adquisiciones y Cesiones, <a href=\"mailto:dedric.richardson@cicchicago.com\" title=\"\">dedric.richardson@cicchicago.com<\/a>.<\/p>\n\n\n\n<div class=\"wp-block-buttons is-layout-flex wp-block-buttons-is-layout-flex\">\n<div class=\"wp-block-button\"><a class=\"wp-block-button__link wp-element-button\" href=\"https:\/\/www.cicchicago.com\/es\/propiedades-en-venta\/\">Propiedades en venta<\/a><\/div>\n<\/div>\n\n\n\n<p><\/p>\n<\/div>\n<\/div>\n\n\n\n<hr class=\"wp-block-separator has-css-opacity\"\/>\n\n\n\n<div class=\"wp-block-columns is-layout-flex wp-container-core-columns-is-layout-9d6595d7 wp-block-columns-is-layout-flex\">\n<div class=\"wp-block-column is-layout-flow wp-block-column-is-layout-flow\" style=\"flex-basis:52%\">\n<h5 class=\"wp-block-heading\">Propiedades de 1-4 apartamentos<\/h5>\n\n\n\n<p>CII adquiere propiedades desocupadas de 1-4 apartamentos para rehabilitarlas y convertirlas en edificios de alquiler funcionales o para venderlas a compradores de viviendas. Desde el 2015, CII ha vendido m\u00e1s de 500 propiedades de 1-4 apartamentos a m\u00e1s de 100 socios promotores en 56 barrios de Chicago. El financiamento de CIC est\u00e1 disponible para los promotores para ayudar con la adquisici\u00f3n y rehabilitaci\u00f3n de carteras de 1-4 apartamentos.<\/p>\n\n\n\n<p>Si desea m\u00e1s informaci\u00f3n sobre el proceso de selecci\u00f3n de socios promotores de 1-4 apartamentos, p\u00f3ngase en contacto con Dedric Richardson, Vicepresidente de Estrategia de Adquisiciones y Enajenaciones, <a href=\"mailto:dedric.richardson@cicchicago.com\" title=\"\">dedric.richardson@cicchicago.com<\/a>.<\/p>\n\n\n\n<div class=\"wp-block-buttons is-layout-flex wp-block-buttons-is-layout-flex\">\n<div class=\"wp-block-button\"><a class=\"wp-block-button__link wp-element-button\" href=\"https:\/\/www.cicchicago.com\/es\/propiedades-en-venta\/\">Propiedades en venta<\/a><\/div>\n<\/div>\n<\/div>\n\n\n\n<div class=\"wp-block-column is-layout-flow wp-block-column-is-layout-flow\" style=\"flex-basis:48%\">\n<figure class=\"wp-block-image size-large\"><img loading=\"lazy\" decoding=\"async\" width=\"503\" height=\"314\" src=\"https:\/\/www.cicchicago.com\/wp-content\/uploads\/2020\/06\/cic_1-4.png\" alt=\"1-4 Unidades\" class=\"wp-image-912\" srcset=\"https:\/\/www.cicchicago.com\/wp-content\/uploads\/2020\/06\/cic_1-4.png 503w, https:\/\/www.cicchicago.com\/wp-content\/uploads\/2020\/06\/cic_1-4-300x187.png 300w\" sizes=\"auto, (max-width: 503px) 100vw, 503px\" \/><\/figure>\n<\/div>\n<\/div>\n\n\n\n<hr class=\"wp-block-separator has-css-opacity\"\/>\n\n\n\n<div class=\"wp-block-columns is-layout-flex wp-container-core-columns-is-layout-9d6595d7 wp-block-columns-is-layout-flex\">\n<div class=\"wp-block-column is-layout-flow wp-block-column-is-layout-flow\">\n<h5 class=\"wp-block-heading\">Aceptaci\u00f3n de la cesi\u00f3n de bienes y grav\u00e1menes de titularidad p\u00fablica<\/h5>\n\n\n\n<p>R\u00e1pido, \u00e1gil, efectivo.  Utilizando una serie de herramientas y estrategias, CII ha adquirido 784 propiedades vac\u00edas y en dificultades, mejorando y preservando m\u00e1s de 6,000 apartamentos asequibles.<\/p>\n<\/div>\n\n\n\n<div class=\"wp-block-column is-layout-flow wp-block-column-is-layout-flow\">\n<div class=\"wp-block-group has-lightest-teal-background-color has-background\"><div class=\"wp-block-group__inner-container is-layout-flow wp-block-group-is-layout-flow\">\n<h6 class=\"wp-block-heading\">Propiedades adquiridas &nbsp;<\/h6>\n\n\n\n<figure class=\"wp-block-table is-style-regular\"><table><thead><tr><th><\/th><th>Edificios<\/th><th>Apartamentos<\/th><\/tr><\/thead><tbody><tr><td><strong>Multifamiliares<\/strong><\/td><td>263<\/td><td>4,310<\/td><\/tr><tr><td><strong>Condominios<\/strong><\/td><td>96<\/td><td>784<\/td><\/tr><tr><td><strong>1-4 Apartamentos<\/strong><\/td><td>779<\/td><td>995<\/td><\/tr><tr><td><strong>Total<\/strong><\/td><td>1,138<\/td><td>6,089<\/td><\/tr><\/tbody><\/table><\/figure>\n<\/div><\/div>\n<\/div>\n<\/div>\n<\/div><\/div>","protected":false},"excerpt":{"rendered":"<p>Beyond financing, CIC \u2013 through its affiliate Community Initiatives, Inc. (CII) \u2013 takes direct action to preserve affordable housing. Vacant and distressed rental buildings create unsafe conditions for residents and neighbors, and depress local market conditions. CII acquires distressed real estate so that new owners can rehab the properties, provide stable management, and preserve affordable [&#8230;] <a class=\"read_more\" href=\"https:\/\/www.cicchicago.com\/es\/programas\/adquisiciones\/\">Read More<\/a><\/p>\n","protected":false},"author":1,"featured_media":0,"parent":9,"menu_order":0,"comment_status":"closed","ping_status":"closed","template":"","meta":{"_acf_changed":false,"om_disable_all_campaigns":false,"_monsterinsights_skip_tracking":false,"_monsterinsights_sitenote_active":false,"_monsterinsights_sitenote_note":"","_monsterinsights_sitenote_category":0,"_uf_show_specific_survey":0,"_uf_disable_surveys":false,"footnotes":""},"class_list":["post-393","page","type-page","status-publish","hentry","entry"],"acf":[],"aioseo_notices":[],"_links":{"self":[{"href":"https:\/\/www.cicchicago.com\/es\/wp-json\/wp\/v2\/pages\/393","targetHints":{"allow":["GET"]}}],"collection":[{"href":"https:\/\/www.cicchicago.com\/es\/wp-json\/wp\/v2\/pages"}],"about":[{"href":"https:\/\/www.cicchicago.com\/es\/wp-json\/wp\/v2\/types\/page"}],"author":[{"embeddable":true,"href":"https:\/\/www.cicchicago.com\/es\/wp-json\/wp\/v2\/users\/1"}],"replies":[{"embeddable":true,"href":"https:\/\/www.cicchicago.com\/es\/wp-json\/wp\/v2\/comments?post=393"}],"version-history":[{"count":15,"href":"https:\/\/www.cicchicago.com\/es\/wp-json\/wp\/v2\/pages\/393\/revisions"}],"predecessor-version":[{"id":3484,"href":"https:\/\/www.cicchicago.com\/es\/wp-json\/wp\/v2\/pages\/393\/revisions\/3484"}],"up":[{"embeddable":true,"href":"https:\/\/www.cicchicago.com\/es\/wp-json\/wp\/v2\/pages\/9"}],"wp:attachment":[{"href":"https:\/\/www.cicchicago.com\/es\/wp-json\/wp\/v2\/media?parent=393"}],"curies":[{"name":"wp","href":"https:\/\/api.w.org\/{rel}","templated":true}]}}