{"id":4027,"date":"2025-07-07T18:40:50","date_gmt":"2025-07-07T18:40:50","guid":{"rendered":"https:\/\/www.cicchicago.com\/?page_id=4027"},"modified":"2025-07-07T18:43:04","modified_gmt":"2025-07-07T18:43:04","slug":"beca-del-cic-para-futuros-lideres-en-vivienda-de-barrio","status":"publish","type":"page","link":"https:\/\/www.cicchicago.com\/es\/beca-del-cic-para-futuros-lideres-en-vivienda-de-barrio\/","title":{"rendered":"Beca"},"content":{"rendered":"<h2 class=\"wp-block-heading\">Beca CIC para futuros l\u00edderes de la vivienda de proximidad<\/h2>\n\n\n\n<div class=\"wp-block-group has-light-blue-gradient-boomerang-background-color has-background\"><div class=\"wp-block-group__inner-container is-layout-flow wp-block-group-is-layout-flow\">\n<div class=\"wp-block-columns is-layout-flex wp-container-core-columns-is-layout-9d6595d7 wp-block-columns-is-layout-flex\">\n<div class=\"wp-block-column is-layout-flow wp-block-column-is-layout-flow\" style=\"flex-basis:66.66%\">\n<p class=\"has-huge-font-size\">En colaboraci\u00f3n con el Marshall Bennett Institute of Real Estate de la Universidad Roosevelt, CIC ofrece una beca de postgrado para invertir en la pr\u00f3xima generaci\u00f3n de l\u00edderes de la vivienda multifamiliar de Chicago.<\/p>\n<\/div>\n\n\n\n<div class=\"wp-block-column is-vertically-aligned-center is-layout-flow wp-block-column-is-layout-flow\" style=\"flex-basis:33.33%\">\n<div class=\"wp-block-buttons is-style-centered is-layout-flex wp-block-buttons-is-layout-flex\">\n<div class=\"wp-block-button\"><a class=\"wp-block-button__link wp-element-button\" href=\"https:\/\/www.cicchicago.com\/es\/se-convoca-la-beca-cic-para-futuros-lideres-de-la-vivienda-de-proximidad\/\" target=\"_blank\" rel=\"noreferrer noopener\">leer el comunicado de prensa completo<\/a><\/div>\n<\/div>\n<\/div>\n<\/div>\n<\/div><\/div>\n\n\n\n<figure class=\"wp-block-image size-large\"><img loading=\"lazy\" decoding=\"async\" width=\"1024\" height=\"683\" src=\"https:\/\/www.cicchicago.com\/wp-content\/uploads\/2025\/07\/scholarship-check-presentation-1024x683.jpg\" alt=\"\" class=\"wp-image-4029\" srcset=\"https:\/\/www.cicchicago.com\/wp-content\/uploads\/2025\/07\/scholarship-check-presentation-1024x683.jpg 1024w, https:\/\/www.cicchicago.com\/wp-content\/uploads\/2025\/07\/scholarship-check-presentation-300x200.jpg 300w, https:\/\/www.cicchicago.com\/wp-content\/uploads\/2025\/07\/scholarship-check-presentation-768x512.jpg 768w, https:\/\/www.cicchicago.com\/wp-content\/uploads\/2025\/07\/scholarship-check-presentation-1536x1024.jpg 1536w, https:\/\/www.cicchicago.com\/wp-content\/uploads\/2025\/07\/scholarship-check-presentation-2048x1365.jpg 2048w, https:\/\/www.cicchicago.com\/wp-content\/uploads\/2025\/07\/scholarship-check-presentation-18x12.jpg 18w\" sizes=\"auto, (max-width: 1024px) 100vw, 1024px\" \/><\/figure>\n\n\n\n<div class=\"wp-block-group\"><div class=\"wp-block-group__inner-container is-layout-flow wp-block-group-is-layout-flow\">\n<div class=\"wp-block-columns is-layout-flex wp-container-core-columns-is-layout-9d6595d7 wp-block-columns-is-layout-flex\">\n<div class=\"wp-block-column is-layout-flow wp-block-column-is-layout-flow\" style=\"flex-basis:66.66%\">\n<p class=\"has-large-font-size\">La beca se estableci\u00f3 en 2025 para proporcionar apoyo a los estudiantes de postgrado del Instituto Marshall Bennett de Bienes Ra\u00edces que han demostrado un compromiso con el avance de una carrera en la industria de la vivienda y el desarrollo comunitario de Chicago. <\/p>\n\n\n\n<p class=\"has-large-font-size\">Financiada por una parte de la subvenci\u00f3n MacKenzie Scott 2024 del CIC, la beca proporcionar\u00e1 una dotaci\u00f3n de $10.000 durante un a\u00f1o, cubriendo la matr\u00edcula y las tasas a raz\u00f3n de $5.000 por semestre. La beca podr\u00e1 renovarse, previa solicitud, por un total de hasta cinco semestres.<\/p>\n\n\n\n<p class=\"has-large-font-size\">Adem\u00e1s de la ayuda econ\u00f3mica, se invitar\u00e1 al beneficiario a seguir de cerca al personal de CIC en un \u00e1rea de especial inter\u00e9s, como los pr\u00e9stamos, la gesti\u00f3n de activos o la rehabilitaci\u00f3n de propiedades, durante el curso acad\u00e9mico.<\/p>\n\n\n\n<p>Para obtener m\u00e1s informaci\u00f3n y presentar su candidatura, visite la p\u00e1gina <a href=\"https:\/\/blogs.roosevelt.edu\/realestate\/2025\/05\/09\/community-investment-corporation-future-leaders-scholarship\/\" target=\"_blank\" rel=\"noopener\" title=\"\">MBIRE en la Universidad Roosevelt.<\/a><\/p>\n\n\n\n<div class=\"wp-block-buttons is-layout-flex wp-block-buttons-is-layout-flex\">\n<div class=\"wp-block-button\"><a class=\"wp-block-button__link wp-element-button\" href=\"https:\/\/blogs.roosevelt.edu\/realestate\/2025\/05\/09\/community-investment-corporation-future-leaders-scholarship\/\">solicitar ahora<\/a><\/div>\n<\/div>\n<\/div>\n\n\n\n<div class=\"wp-block-column is-vertically-aligned-center is-layout-flow wp-block-column-is-layout-flow\" style=\"flex-basis:33.33%\">\n<div class=\"wp-block-buttons is-layout-flex wp-block-buttons-is-layout-flex\"><\/div>\n<\/div>\n<\/div>\n<\/div><\/div>\n\n\n\n<div class=\"wp-block-pb-accordion-item c-accordion__item js-accordion-item no-js\" data-initially-open=\"false\" data-click-to-close=\"true\" data-auto-close=\"true\" data-scroll=\"false\" data-scroll-offset=\"0\"><h2 id=\"at-40270\" class=\"c-accordion__title js-accordion-controller\" role=\"button\">Fechas importantes: Curso acad\u00e9mico 2025-2026<\/h2><div id=\"ac-40270\" class=\"c-accordion__content\">\n<ul class=\"wp-block-list\">\n<li>El plazo de solicitud finaliza el 15 de julio<\/li>\n\n\n\n<li>Solicitudes revisadas por el Comit\u00e9 de Selecci\u00f3n de Becas antes del 30 de julio<\/li>\n\n\n\n<li>Notificaci\u00f3n al beneficiario de la beca antes del 22 de agosto<\/li>\n<\/ul>\n<\/div><\/div>\n\n\n\n<div class=\"wp-block-pb-accordion-item c-accordion__item js-accordion-item no-js\" data-initially-open=\"false\" data-click-to-close=\"true\" data-auto-close=\"true\" data-scroll=\"false\" data-scroll-offset=\"0\"><h2 id=\"at-40271\" class=\"c-accordion__title js-accordion-controller\" role=\"button\">Comit\u00e9 de selecci\u00f3n de becas<\/h2><div id=\"ac-40271\" class=\"c-accordion__content\">\n<p>El CIC agradece la participaci\u00f3n de su Comit\u00e9 de Selecci\u00f3n, compuesto por distinguidos l\u00edderes que representan a diversas profesiones del sector de la vivienda y el desarrollo comunitario de Chicago:<\/p>\n\n\n\n<ul class=\"wp-block-list\">\n<li>Allison Clements, Directora Ejecutiva, Consejo de la Vivienda de Illinois<\/li>\n\n\n\n<li>Andre Collins, ADC Capital<\/li>\n\n\n\n<li>Collete English Dixon, Directora Ejecutiva del Marshall Bennett Institute of Real Estate de la Universidad Roosevelt (ex-officio) <\/li>\n\n\n\n<li>Graham Grady, Socio, Taft Law<\/li>\n\n\n\n<li>Kristin Faust, Directora Ejecutiva, IHDA<\/li>\n\n\n\n<li>LaJune Yancy, Propietaria, LJ Promise Realty<\/li>\n\n\n\n<li>Jack Markowski, Presidente y Director General jubilado, CIC<\/li>\n\n\n\n<li>Stacie Young, Presidenta y Directora General de CIC<\/li>\n\n\n\n<li>Teresa Rubio, Directora, Capital One<\/li>\n\n\n\n<li>Anthony Hardy, Director Ejecutivo y Embajador Regional de la Regi\u00f3n Centroamericana, Keller Williams ONEChicago<\/li>\n<\/ul>\n\n\n\n<p><\/p>\n<\/div><\/div>","protected":false},"excerpt":{"rendered":"<p>CIC Scholarship for Future Leaders in Neighborhood Housing In partnership with the Marshall Bennett Institute of Real Estate at Roosevelt University, CIC offers a graduate-level scholarship to invest in the next generation of Chicago&#8217;s multifamily housing leaders. The scholarship was established in 2025 to provide support for Marshall Bennett Institute of Real Estate graduate students [&#8230;] <a class=\"read_more\" href=\"https:\/\/www.cicchicago.com\/es\/beca-del-cic-para-futuros-lideres-en-vivienda-de-barrio\/\">Read More<\/a><\/p>\n","protected":false},"author":5,"featured_media":0,"parent":0,"menu_order":0,"comment_status":"closed","ping_status":"closed","template":"","meta":{"_acf_changed":false,"om_disable_all_campaigns":false,"_monsterinsights_skip_tracking":false,"_monsterinsights_sitenote_active":false,"_monsterinsights_sitenote_note":"","_monsterinsights_sitenote_category":0,"_uf_show_specific_survey":0,"_uf_disable_surveys":false,"footnotes":""},"class_list":["post-4027","page","type-page","status-publish","hentry","entry"],"acf":[],"aioseo_notices":[],"_links":{"self":[{"href":"https:\/\/www.cicchicago.com\/es\/wp-json\/wp\/v2\/pages\/4027","targetHints":{"allow":["GET"]}}],"collection":[{"href":"https:\/\/www.cicchicago.com\/es\/wp-json\/wp\/v2\/pages"}],"about":[{"href":"https:\/\/www.cicchicago.com\/es\/wp-json\/wp\/v2\/types\/page"}],"author":[{"embeddable":true,"href":"https:\/\/www.cicchicago.com\/es\/wp-json\/wp\/v2\/users\/5"}],"replies":[{"embeddable":true,"href":"https:\/\/www.cicchicago.com\/es\/wp-json\/wp\/v2\/comments?post=4027"}],"version-history":[{"count":14,"href":"https:\/\/www.cicchicago.com\/es\/wp-json\/wp\/v2\/pages\/4027\/revisions"}],"predecessor-version":[{"id":4048,"href":"https:\/\/www.cicchicago.com\/es\/wp-json\/wp\/v2\/pages\/4027\/revisions\/4048"}],"wp:attachment":[{"href":"https:\/\/www.cicchicago.com\/es\/wp-json\/wp\/v2\/media?parent=4027"}],"curies":[{"name":"wp","href":"https:\/\/api.w.org\/{rel}","templated":true}]}}