{"id":9,"date":"2020-05-20T17:28:09","date_gmt":"2020-05-20T17:28:09","guid":{"rendered":"https:\/\/www.cicchicago.com\/?page_id=9"},"modified":"2020-07-09T14:00:06","modified_gmt":"2020-07-09T14:00:06","slug":"programas","status":"publish","type":"page","link":"https:\/\/www.cicchicago.com\/es\/programas\/","title":{"rendered":"Programas"},"content":{"rendered":"<div class=\"wp-block-group has-light-blue-gradient-boomerang-background-color has-background\"><div class=\"wp-block-group__inner-container is-layout-flow wp-block-group-is-layout-flow\">    <div id=\"crumb-block_5edc39debc39a\" class=\"crumb\">\n        Programas    <\/div>\n\n\n\n<p class=\"has-huge-font-size is-style-narrow-7\">CIC es m\u00e1s que el prestamista de rehabilitaci\u00f3n multifamiliar de Chicago.<\/p>\n<\/div><\/div>\n\n\n    <div id=\"image-blinds-block_5ecaebae6b369\" class=\"image-blinds-block alignfull\">\n                    <div class=\"slide slide-0 left\" style=\"background-image: url(https:\/\/www.cicchicago.com\/wp-content\/uploads\/2020\/06\/programs-slide-1-1200x800.jpg);\"><\/div>\n                    <div class=\"slide slide-1 right\" style=\"background-image: url(https:\/\/www.cicchicago.com\/wp-content\/uploads\/2020\/06\/cic_programs_07-1200x800.jpg);\"><\/div>\n                    <div class=\"slide slide-2\" style=\"background-image: url(https:\/\/www.cicchicago.com\/wp-content\/uploads\/2020\/06\/programs-slide-3-1200x800.jpg);\"><\/div>\n                    <div class=\"slide slide-3\" style=\"background-image: url(https:\/\/www.cicchicago.com\/wp-content\/uploads\/2020\/06\/programs-slide-4-1200x800.jpg);\"><\/div>\n                    <div class=\"slide slide-4\" style=\"background-image: url(https:\/\/www.cicchicago.com\/wp-content\/uploads\/2020\/06\/cic_programs_08-1200x800.jpg);\"><\/div>\n                    <div class=\"slide slide-5\" style=\"background-image: url(https:\/\/www.cicchicago.com\/wp-content\/uploads\/2020\/06\/cic_programs_09-1200x800.jpg);\"><\/div>\n            <\/div>\n\n\n\n<div class=\"wp-block-group\"><div class=\"wp-block-group__inner-container is-layout-flow wp-block-group-is-layout-flow\">\n<p class=\"is-style-narrow is-style-narrow-4\">Adem\u00e1s de ser su fuente de financiamento para adquirir, rehabilitar y mantener apartamentos de alquiler asequibles, los programas complementarios y las actividades de desarrollo comunitario de CIC -cursos de administraci\u00f3n de propiedades, ahorro de energ\u00eda, administraci\u00f3n judicial, adquisiciones, propiedades en venta y desarrollo de polizas- ayudan a construir un entorno que respalda sus inversiones y las inversiones de CIC.<\/p>\n\n\n\n<p class=\"is-style-narrow is-style-narrow-4\">Como prestamista basado en una misi\u00f3n, nuestros programas y servicios no s\u00f3lo satisfacen una necesidad del mercado, sino que ayudan a crear comunidades fuertes y din\u00e1micas.&nbsp;<\/p>\n\n\n\n<hr class=\"wp-block-separator\"\/>\n\n\n\n<div class=\"wp-block-columns is-layout-flex wp-container-core-columns-is-layout-9d6595d7 wp-block-columns-is-layout-flex\">\n<div class=\"wp-block-column is-layout-flow wp-block-column-is-layout-flow\">\n<figure class=\"wp-block-image size-large\"><img loading=\"lazy\" decoding=\"async\" width=\"450\" height=\"288\" src=\"https:\/\/www.cicchicago.com\/wp-content\/uploads\/2020\/06\/property-management-training.png\" alt=\"\" class=\"wp-image-610\" srcset=\"https:\/\/www.cicchicago.com\/wp-content\/uploads\/2020\/06\/property-management-training.png 450w, https:\/\/www.cicchicago.com\/wp-content\/uploads\/2020\/06\/property-management-training-300x192.png 300w\" sizes=\"auto, (max-width: 450px) 100vw, 450px\" \/><\/figure>\n\n\n\n<h5 class=\"wp-block-heading\">Cursos de administraci\u00f3n de propiedades &nbsp;<\/h5>\n\n\n\n<p>Los mejores cursos del sector para ayudar a due\u00f1os actuales y aspirantes a crecer y fortalecer su negocio.<\/p>\n\n\n\n<div class=\"wp-block-buttons is-layout-flex wp-block-buttons-is-layout-flex\">\n<div class=\"wp-block-button\"><a class=\"wp-block-button__link\" href=\"https:\/\/www.cicchicago.com\/es\/programas\/formacion-en-gestion-inmobiliaria\/\">Siga leyendo<\/a><\/div>\n<\/div>\n<\/div>\n\n\n\n<div class=\"wp-block-column is-layout-flow wp-block-column-is-layout-flow\">\n<figure class=\"wp-block-image size-large\"><img loading=\"lazy\" decoding=\"async\" width=\"450\" height=\"288\" src=\"https:\/\/www.cicchicago.com\/wp-content\/uploads\/2020\/06\/energy-savers.png\" alt=\"\" class=\"wp-image-609\" srcset=\"https:\/\/www.cicchicago.com\/wp-content\/uploads\/2020\/06\/energy-savers.png 450w, https:\/\/www.cicchicago.com\/wp-content\/uploads\/2020\/06\/energy-savers-300x192.png 300w\" sizes=\"auto, (max-width: 450px) 100vw, 450px\" \/><\/figure>\n\n\n\n<h5 class=\"wp-block-heading\">Ahorradores de energ\u00eda<\/h5>\n\n\n\n<p>Una ventanilla \u00fanica para conocer mejor su edificio, aumentar la eficiencia energ\u00e9tica y reducir sus costes de explotaci\u00f3n.<\/p>\n\n\n\n<div class=\"wp-block-buttons is-layout-flex wp-block-buttons-is-layout-flex\">\n<div class=\"wp-block-button\"><a class=\"wp-block-button__link\" href=\"\/es\/programas\/ahorradores-de-energia\/\">Seguir leyendo<\/a><\/div>\n<\/div>\n<\/div>\n\n\n\n<div class=\"wp-block-column is-layout-flow wp-block-column-is-layout-flow\">\n<figure class=\"wp-block-image size-large\"><img loading=\"lazy\" decoding=\"async\" width=\"450\" height=\"288\" src=\"https:\/\/www.cicchicago.com\/wp-content\/uploads\/2020\/06\/targeted-redevelopment.png\" alt=\"\" class=\"wp-image-611\" srcset=\"https:\/\/www.cicchicago.com\/wp-content\/uploads\/2020\/06\/targeted-redevelopment.png 450w, https:\/\/www.cicchicago.com\/wp-content\/uploads\/2020\/06\/targeted-redevelopment-300x192.png 300w\" sizes=\"auto, (max-width: 450px) 100vw, 450px\" \/><\/figure>\n\n\n\n<h5 class=\"wp-block-heading\">Reurbanizaci\u00f3n selectiva<\/h5>\n\n\n\n<p>Inversiones coordinadas del CIC, incluidos pr\u00e9stamos, reconversiones de condominios, adquisiciones y rehabilitaciones, para mejorar las condiciones del barrio y lograr el m\u00e1ximo impacto.<\/p>\n\n\n\n<div class=\"wp-block-buttons is-layout-flex wp-block-buttons-is-layout-flex\">\n<div class=\"wp-block-button\"><a class=\"wp-block-button__link\" href=\"\/es\/programas\/reurbanizacion-selectiva\/\">Seguir leyendo<\/a><\/div>\n<\/div>\n<\/div>\n\n\n\n<div class=\"wp-block-column is-layout-flow wp-block-column-is-layout-flow\">\n<figure class=\"wp-block-image size-large\"><img loading=\"lazy\" decoding=\"async\" width=\"450\" height=\"288\" src=\"https:\/\/www.cicchicago.com\/wp-content\/uploads\/2020\/06\/troubled-buildings-initiative.png\" alt=\"\" class=\"wp-image-612\" srcset=\"https:\/\/www.cicchicago.com\/wp-content\/uploads\/2020\/06\/troubled-buildings-initiative.png 450w, https:\/\/www.cicchicago.com\/wp-content\/uploads\/2020\/06\/troubled-buildings-initiative-300x192.png 300w\" sizes=\"auto, (max-width: 450px) 100vw, 450px\" \/><\/figure>\n\n\n\n<h5 class=\"wp-block-heading\">Iniciativa de Edificios con Problemas<\/h5>\n\n\n\n<p>Trabajar en estrecha coordinaci\u00f3n con la ciudad de Chicago y los propietarios de edificios para dar un giro a los edificios con problemas y preservar la vivienda asequible.<\/p>\n\n\n\n<div class=\"wp-block-buttons is-layout-flex wp-block-buttons-is-layout-flex\">\n<div class=\"wp-block-button\"><a class=\"wp-block-button__link\" href=\"\/es\/programas\/iniciativa-sobre-edificios-conflictivos\/\">Seguir leyendo<\/a><\/div>\n<\/div>\n<\/div>\n\n\n\n<div class=\"wp-block-column is-layout-flow wp-block-column-is-layout-flow\">\n<figure class=\"wp-block-image size-large\"><img loading=\"lazy\" decoding=\"async\" width=\"450\" height=\"288\" src=\"https:\/\/www.cicchicago.com\/wp-content\/uploads\/2020\/06\/acquisitions.png\" alt=\"\" class=\"wp-image-608\" srcset=\"https:\/\/www.cicchicago.com\/wp-content\/uploads\/2020\/06\/acquisitions.png 450w, https:\/\/www.cicchicago.com\/wp-content\/uploads\/2020\/06\/acquisitions-300x192.png 300w\" sizes=\"auto, (max-width: 450px) 100vw, 450px\" \/><\/figure>\n\n\n\n<h5 class=\"wp-block-heading\">Adquisiciones<\/h5>\n\n\n\n<p>Acci\u00f3n directa para rehabilitar y conservar edificios vac\u00edos y en peligro.<\/p>\n\n\n\n<div class=\"wp-block-buttons is-layout-flex wp-block-buttons-is-layout-flex\">\n<div class=\"wp-block-button\"><a class=\"wp-block-button__link\" href=\"\/es\/programas\/adquisiciones\/\">Seguir leyendo<\/a><\/div>\n<\/div>\n\n\n\n<p><\/p>\n<\/div>\n<\/div>\n<\/div><\/div>\n\n\n\n<p><\/p>","protected":false},"excerpt":{"rendered":"<p>CIC is more than Chicago\u2019s multifamily rehab&nbsp;lender. In addition to being your go-to source for financing to acquire, rehab, and maintain affordable rental housing, CIC\u2019s complementary programs and community development activities \u2013 property management training, energy savers, receiverships, acquisitions, properties for sale, and policy development \u2013 help build an environment that support your investments and [&#8230;] <a class=\"read_more\" href=\"https:\/\/www.cicchicago.com\/es\/programas\/\">Read More<\/a><\/p>\n","protected":false},"author":1,"featured_media":0,"parent":0,"menu_order":0,"comment_status":"closed","ping_status":"closed","template":"","meta":{"_acf_changed":false,"om_disable_all_campaigns":false,"_monsterinsights_skip_tracking":false,"_monsterinsights_sitenote_active":false,"_monsterinsights_sitenote_note":"","_monsterinsights_sitenote_category":0,"_uf_show_specific_survey":0,"_uf_disable_surveys":false,"footnotes":""},"class_list":["post-9","page","type-page","status-publish","hentry","entry"],"acf":[],"aioseo_notices":[],"_links":{"self":[{"href":"https:\/\/www.cicchicago.com\/es\/wp-json\/wp\/v2\/pages\/9","targetHints":{"allow":["GET"]}}],"collection":[{"href":"https:\/\/www.cicchicago.com\/es\/wp-json\/wp\/v2\/pages"}],"about":[{"href":"https:\/\/www.cicchicago.com\/es\/wp-json\/wp\/v2\/types\/page"}],"author":[{"embeddable":true,"href":"https:\/\/www.cicchicago.com\/es\/wp-json\/wp\/v2\/users\/1"}],"replies":[{"embeddable":true,"href":"https:\/\/www.cicchicago.com\/es\/wp-json\/wp\/v2\/comments?post=9"}],"version-history":[{"count":15,"href":"https:\/\/www.cicchicago.com\/es\/wp-json\/wp\/v2\/pages\/9\/revisions"}],"predecessor-version":[{"id":1122,"href":"https:\/\/www.cicchicago.com\/es\/wp-json\/wp\/v2\/pages\/9\/revisions\/1122"}],"wp:attachment":[{"href":"https:\/\/www.cicchicago.com\/es\/wp-json\/wp\/v2\/media?parent=9"}],"curies":[{"name":"wp","href":"https:\/\/api.w.org\/{rel}","templated":true}]}}